{"id":1100,"date":"2019-10-04T10:17:09","date_gmt":"2019-10-04T10:17:09","guid":{"rendered":"http:\/\/arn.gw\/?page_id=1100"},"modified":"2019-10-04T10:17:14","modified_gmt":"2019-10-04T10:17:14","slug":"requerimento","status":"publish","type":"page","link":"https:\/\/arn.gw\/activeapp\/requerimento\/","title":{"rendered":"REQUERIMENTOS"},"content":{"rendered":"<h3>NESTA \u00c1REA PODER\u00c1 CONSULTAR OU DESCARREGAR OS SEGUINTES REQUERIMENTOS:<\/h3>\n<p><a href=\"http:\/\/arn.gw\/activeapp\/wp-content\/uploads\/2019\/10\/REQUERIMENTO-PARA-SERVI\u00c7O-FIXO-M\u00d3VEL.pdf\">REQUERIMENTO PARA SERVI\u00c7O FIXO, M\u00d3VEL<\/a><\/p>\n<p><a href=\"http:\/\/arn.gw\/activeapp\/wp-content\/uploads\/2019\/10\/REQUERIMENTO-PARA-REDE-CELULAR-WLL-RLAN.pdf\">REQUERIMENTO PARA REDE CELULAR, WLL, RLAN<\/a><\/p>\n<p><a href=\"http:\/\/arn.gw\/activeapp\/wp-content\/uploads\/2019\/10\/REQUERIMENTO-PARA-RADIODIFUS\u00c3O-SONORA-TELEVISIVA.pdf\">REQUERIMENTO PARA RADIODIFUS\u00c3O (SONORA, TELEVISIVA)<\/a><\/p>\n<p><a href=\"http:\/\/arn.gw\/activeapp\/wp-content\/uploads\/2019\/10\/REQUERIMENTO-PARA-RADIOAMADOR.pdf\">REQUERIMENTO PARA RADIOAMADOR<\/a><\/p>\n<p><a href=\"http:\/\/arn.gw\/activeapp\/wp-content\/uploads\/2019\/10\/REQUERIMENTO-PARA-LIGA\u00c7\u00d5ES-FIXAS-FEIXE-HERTZIANO.pdf\">REQUERIMENTO PARA LIGA\u00c7\u00d5ES FIXAS , FEIXE HERTZIANO<\/a><\/p>\n<p><a href=\"http:\/\/arn.gw\/activeapp\/wp-content\/uploads\/2019\/10\/REQUERIMENTO-PARA-LICEN\u00c7A-DE-REVENDEDOR.pdf\">REQUERIMENTO PARA LICEN\u00c7A DE REVENDEDOR<\/a><\/p>\n<p><a href=\"http:\/\/arn.gw\/activeapp\/wp-content\/uploads\/2019\/10\/REQUERIMENTO-PARA-ESTA\u00c7\u00c3O-DE-NAVIO.pdf\">REQUERIMENTO PARA ESTA\u00c7\u00c3O DE NAVIO<\/a><\/p>\n<p><a href=\"http:\/\/arn.gw\/activeapp\/wp-content\/uploads\/2019\/10\/REQUERIMENTO-PARA-COORDENA\u00c7\u00c3O-DE-FRONTEIRA.pdf\">REQUERIMENTO PARA COORDENA\u00c7\u00c3O DE FRONTEIRA<\/a><\/p>\n<p><a href=\"http:\/\/arn.gw\/activeapp\/wp-content\/uploads\/2019\/10\/REQUERIMENTO-PARA-BANDA-DE-CIDAD\u00c2O.pdf\">REQUERIMENTO PARA BANDA DE CIDAD\u00c2O<\/a><\/p>\n<p>&nbsp;<\/p>\n","protected":false},"excerpt":{"rendered":"<p>NESTA \u00c1REA PODER\u00c1 CONSULTAR OU DESCARREGAR OS SEGUINTES REQUERIMENTOS: REQUERIMENTO PARA SERVI\u00c7O FIXO, M\u00d3VEL REQUERIMENTO PARA REDE CELULAR, WLL, RLAN REQUERIMENTO PARA RADIODIFUS\u00c3O (SONORA, TELEVISIVA) REQUERIMENTO PARA RADIOAMADOR REQUERIMENTO PARA LIGA\u00c7\u00d5ES FIXAS , FEIXE HERTZIANO REQUERIMENTO PARA LICEN\u00c7A DE REVENDEDOR REQUERIMENTO PARA ESTA\u00c7\u00c3O DE NAVIO REQUERIMENTO PARA COORDENA\u00c7\u00c3O DE FRONTEIRA REQUERIMENTO PARA BANDA DE CIDAD\u00c2O [&hellip;]<\/p>\n","protected":false},"author":3,"featured_media":0,"parent":0,"menu_order":0,"comment_status":"open","ping_status":"open","template":"","meta":{"_acf_changed":false,"footnotes":""},"class_list":["post-1100","page","type-page","status-publish","hentry"],"acf":[],"aioseo_notices":[],"_links":{"self":[{"href":"https:\/\/arn.gw\/activeapp\/wp-json\/wp\/v2\/pages\/1100"}],"collection":[{"href":"https:\/\/arn.gw\/activeapp\/wp-json\/wp\/v2\/pages"}],"about":[{"href":"https:\/\/arn.gw\/activeapp\/wp-json\/wp\/v2\/types\/page"}],"author":[{"embeddable":true,"href":"https:\/\/arn.gw\/activeapp\/wp-json\/wp\/v2\/users\/3"}],"replies":[{"embeddable":true,"href":"https:\/\/arn.gw\/activeapp\/wp-json\/wp\/v2\/comments?post=1100"}],"version-history":[{"count":2,"href":"https:\/\/arn.gw\/activeapp\/wp-json\/wp\/v2\/pages\/1100\/revisions"}],"predecessor-version":[{"id":1111,"href":"https:\/\/arn.gw\/activeapp\/wp-json\/wp\/v2\/pages\/1100\/revisions\/1111"}],"wp:attachment":[{"href":"https:\/\/arn.gw\/activeapp\/wp-json\/wp\/v2\/media?parent=1100"}],"curies":[{"name":"wp","href":"https:\/\/api.w.org\/{rel}","templated":true}]}}