{"id":1244,"date":"2019-10-15T12:55:34","date_gmt":"2019-10-15T12:55:34","guid":{"rendered":"http:\/\/arn.gw\/?page_id=1244"},"modified":"2019-10-15T12:55:34","modified_gmt":"2019-10-15T12:55:34","slug":"situacao-da-radiodifusao-sonora","status":"publish","type":"page","link":"https:\/\/arn.gw\/activeapp\/situacao-da-radiodifusao-sonora\/","title":{"rendered":"SITUA\u00c7\u00c3O DA RADIODIFUS\u00c3O SONORA"},"content":{"rendered":"<p><a href=\"http:\/\/arn.gw\/activeapp\/wp-content\/uploads\/2019\/10\/Tab.-11.png\"><img loading=\"lazy\" decoding=\"async\" class=\"aligncenter size-full wp-image-1245\" src=\"http:\/\/arn.gw\/activeapp\/wp-content\/uploads\/2019\/10\/Tab.-11.png\" alt=\"Tab. 1\" width=\"974\" height=\"366\" srcset=\"https:\/\/arn.gw\/activeapp\/wp-content\/uploads\/2019\/10\/Tab.-11.png 974w, https:\/\/arn.gw\/activeapp\/wp-content\/uploads\/2019\/10\/Tab.-11-300x113.png 300w\" sizes=\"(max-width: 974px) 100vw, 974px\" \/><\/a> <a href=\"http:\/\/arn.gw\/activeapp\/wp-content\/uploads\/2019\/10\/Tab.-21.png\"><img loading=\"lazy\" decoding=\"async\" class=\"aligncenter size-full wp-image-1246\" src=\"http:\/\/arn.gw\/activeapp\/wp-content\/uploads\/2019\/10\/Tab.-21.png\" alt=\"Tab. 2\" width=\"974\" height=\"408\" srcset=\"https:\/\/arn.gw\/activeapp\/wp-content\/uploads\/2019\/10\/Tab.-21.png 974w, https:\/\/arn.gw\/activeapp\/wp-content\/uploads\/2019\/10\/Tab.-21-300x126.png 300w\" sizes=\"(max-width: 974px) 100vw, 974px\" \/><\/a> <a href=\"http:\/\/arn.gw\/activeapp\/wp-content\/uploads\/2019\/10\/Tab.-31.png\"><img loading=\"lazy\" decoding=\"async\" class=\"aligncenter size-full wp-image-1247\" src=\"http:\/\/arn.gw\/activeapp\/wp-content\/uploads\/2019\/10\/Tab.-31.png\" alt=\"Tab. 3\" width=\"970\" height=\"414\" srcset=\"https:\/\/arn.gw\/activeapp\/wp-content\/uploads\/2019\/10\/Tab.-31.png 970w, https:\/\/arn.gw\/activeapp\/wp-content\/uploads\/2019\/10\/Tab.-31-300x128.png 300w\" sizes=\"(max-width: 970px) 100vw, 970px\" \/><\/a> <a href=\"http:\/\/arn.gw\/activeapp\/wp-content\/uploads\/2019\/10\/Tab.-41.png\"><img loading=\"lazy\" decoding=\"async\" class=\"aligncenter size-full wp-image-1248\" src=\"http:\/\/arn.gw\/activeapp\/wp-content\/uploads\/2019\/10\/Tab.-41.png\" alt=\"Tab. 4\" width=\"971\" height=\"403\" srcset=\"https:\/\/arn.gw\/activeapp\/wp-content\/uploads\/2019\/10\/Tab.-41.png 971w, https:\/\/arn.gw\/activeapp\/wp-content\/uploads\/2019\/10\/Tab.-41-300x125.png 300w\" sizes=\"(max-width: 971px) 100vw, 971px\" \/><\/a> <a href=\"http:\/\/arn.gw\/activeapp\/wp-content\/uploads\/2019\/10\/Tab.-51.png\"><img loading=\"lazy\" decoding=\"async\" class=\"aligncenter size-full wp-image-1249\" src=\"http:\/\/arn.gw\/activeapp\/wp-content\/uploads\/2019\/10\/Tab.-51.png\" alt=\"Tab. 5\" width=\"968\" height=\"403\" srcset=\"https:\/\/arn.gw\/activeapp\/wp-content\/uploads\/2019\/10\/Tab.-51.png 968w, https:\/\/arn.gw\/activeapp\/wp-content\/uploads\/2019\/10\/Tab.-51-300x125.png 300w\" sizes=\"(max-width: 968px) 100vw, 968px\" \/><\/a> <a href=\"http:\/\/arn.gw\/activeapp\/wp-content\/uploads\/2019\/10\/Tab.-61.png\"><img loading=\"lazy\" decoding=\"async\" class=\"aligncenter size-full wp-image-1250\" src=\"http:\/\/arn.gw\/activeapp\/wp-content\/uploads\/2019\/10\/Tab.-61.png\" alt=\"Tab. 6\" width=\"970\" height=\"404\" srcset=\"https:\/\/arn.gw\/activeapp\/wp-content\/uploads\/2019\/10\/Tab.-61.png 970w, https:\/\/arn.gw\/activeapp\/wp-content\/uploads\/2019\/10\/Tab.-61-300x125.png 300w\" sizes=\"(max-width: 970px) 100vw, 970px\" \/><\/a> <a href=\"http:\/\/arn.gw\/activeapp\/wp-content\/uploads\/2019\/10\/Tab.-71.png\"><img loading=\"lazy\" decoding=\"async\" class=\"aligncenter size-full wp-image-1251\" src=\"http:\/\/arn.gw\/activeapp\/wp-content\/uploads\/2019\/10\/Tab.-71.png\" alt=\"Tab. 7\" width=\"972\" height=\"175\" srcset=\"https:\/\/arn.gw\/activeapp\/wp-content\/uploads\/2019\/10\/Tab.-71.png 972w, https:\/\/arn.gw\/activeapp\/wp-content\/uploads\/2019\/10\/Tab.-71-300x54.png 300w\" sizes=\"(max-width: 972px) 100vw, 972px\" \/><\/a><\/p>\n<p><a href=\"http:\/\/arn.gw\/activeapp\/wp-content\/uploads\/2019\/10\/SITUA\u00c7\u00c3O-DA-RADIODIFUS\u00c3O-SONORA.pdf\">SITUA\u00c7\u00c3O DA RADIODIFUS\u00c3O SONORA: Abrir o ficheiro em pdf<\/a><\/p>\n","protected":false},"excerpt":{"rendered":"<p>SITUA\u00c7\u00c3O DA RADIODIFUS\u00c3O SONORA: Abrir o ficheiro em pdf<\/p>\n","protected":false},"author":6,"featured_media":0,"parent":0,"menu_order":0,"comment_status":"open","ping_status":"open","template":"","meta":{"_acf_changed":false,"footnotes":""},"class_list":["post-1244","page","type-page","status-publish","hentry"],"acf":[],"aioseo_notices":[],"_links":{"self":[{"href":"https:\/\/arn.gw\/activeapp\/wp-json\/wp\/v2\/pages\/1244"}],"collection":[{"href":"https:\/\/arn.gw\/activeapp\/wp-json\/wp\/v2\/pages"}],"about":[{"href":"https:\/\/arn.gw\/activeapp\/wp-json\/wp\/v2\/types\/page"}],"author":[{"embeddable":true,"href":"https:\/\/arn.gw\/activeapp\/wp-json\/wp\/v2\/users\/6"}],"replies":[{"embeddable":true,"href":"https:\/\/arn.gw\/activeapp\/wp-json\/wp\/v2\/comments?post=1244"}],"version-history":[{"count":2,"href":"https:\/\/arn.gw\/activeapp\/wp-json\/wp\/v2\/pages\/1244\/revisions"}],"predecessor-version":[{"id":1254,"href":"https:\/\/arn.gw\/activeapp\/wp-json\/wp\/v2\/pages\/1244\/revisions\/1254"}],"wp:attachment":[{"href":"https:\/\/arn.gw\/activeapp\/wp-json\/wp\/v2\/media?parent=1244"}],"curies":[{"name":"wp","href":"https:\/\/api.w.org\/{rel}","templated":true}]}}