{"id":14,"date":"2015-03-19T14:52:49","date_gmt":"2015-03-19T14:52:49","guid":{"rendered":"http:\/\/192.168.1.67:8888\/arn\/?page_id=14"},"modified":"2015-04-13T12:47:41","modified_gmt":"2015-04-13T12:47:41","slug":"organigrama","status":"publish","type":"page","link":"https:\/\/arn.gw\/activeapp\/organigrama\/","title":{"rendered":"Organigrama"},"content":{"rendered":"<h3>Conselho de Administra\u00e7\u00e3o \u2013 CA<\/h3>\n<p>O Conselho de Administra\u00e7\u00e3o \u00e9 o \u00f3rg\u00e3o colegial respons\u00e1vel pela defini\u00e7\u00e3o e implementa\u00e7\u00e3o da actividade reguladora da ARN, bem como pela direc\u00e7\u00e3o dos respectivos servi\u00e7os.<\/p>\n<p>O Conselho de Administra\u00e7\u00e3o \u00e9 composto por um Presidente e dois vogais, devendo cada um deles ter a qualifica\u00e7\u00e3o numa das seguintes \u00e1reas:<\/p>\n<p>a) T\u00e9cnica;<br \/>\nb) Jur\u00eddica;<br \/>\n<span style=\"line-height: 1.5;\">c) Econ\u00f3mica.<\/span><\/p>\n<p>Os membros do Conselho de Administra\u00e7\u00e3o s\u00e3o recrutados mediante, concurso p\u00fablico, de entre os candidatos com qualifica\u00e7\u00f5es nos dom\u00ednios t\u00e9cnico, jur\u00eddico e econ\u00f3mico, tendo em considera\u00e7\u00e3o a experi\u00eancia profissional comprovada, a sua imparcialidade e integridade moral, em conformidade com os demais crit\u00e9rios estabelecidos nos termos de refer\u00eancia para o efeito.<br \/>\nOs membros do Conselho de Administra\u00e7\u00e3o s\u00e3o nomeados por resolu\u00e7\u00e3o do Conselho de Ministros, ap\u00f3s o apuramento do resultado do concurso p\u00fablico e empossados pelo Primeiro Ministro.<br \/>\nO concurso p\u00fablico ser\u00e1 lan\u00e7ado mediante despacho do Primeiro Ministro que institui a Comiss\u00e3o de Avalia\u00e7\u00e3o ad hoc composta por personalidades id\u00f3neas com qualifica\u00e7\u00e3o nas \u00e1reas t\u00e9cnica, Jur\u00eddica e econ\u00f3mica designadas nos seguintes termos:<br \/>\na) Um representante do Presidente da Rep\u00fablica;<br \/>\nb) Dois representantes da Assembleia Nacional Popular;<br \/>\nc) Dois representantes do Governo.<br \/>\nO mandato dos membros do Conselho de Administra\u00e7\u00e3o \u00e9 de tr\u00eas (3) anos, com possibilidade de renova\u00e7\u00e3o para mais um mandato.<br \/>\nOs membros do Conselho de Administra\u00e7\u00e3o continuam em exerc\u00edcio at\u00e9 a efectiva substitui\u00e7\u00e3o ou declara\u00e7\u00e3o de cessa\u00e7\u00e3o de fun\u00e7\u00f5es.<\/p>\n<h3>Revisor de Contas \u2013 RC<\/h3>\n<p>O Revisor de Contas \u00e9 o \u00f3rg\u00e3o unipessoal respons\u00e1vel pelo controlo da legalidade da gest\u00e3o financeira e patrimonial da ARN e de consulta do Conselho de Administra\u00e7\u00e3o neste dom\u00ednio.<\/p>\n<h3>Conselho T\u00e9cnico \u2013 CT<\/h3>\n<p>O Conselho T\u00e9cnico \u00e9 composto pelos directores operacionais dos diferentes sectores de actividade abrangidos pela regula\u00e7\u00e3o e incorporados na ARN, para um mandato de 3 (tr\u00eas anos), nos termos fixados pelo Regulamento Interno da ARN.<br \/>\nDe entre os membros do Conselho T\u00e9cnico \u00e9 designado um Presidente e um Secret\u00e1rio cujas compet\u00eancias ser\u00e3o definidas pelo Regulamento Interno da ARN.<\/p>\n<p>Ao Conselho T\u00e9cnico compete, nomeadamente, emitir pareceres e realizar estudos que lhe forem solicitados nos termos dos presentes estatutos e do Regulamento Interno da ARN.<\/p>\n<h3>Conselho Consultivo \u2013 CC<\/h3>\n<p>O Conselho Consultivo \u00e9 o \u00f3rg\u00e3o de consulta, apoio e participa\u00e7\u00e3o na defini\u00e7\u00e3o das linhas gerais de actua\u00e7\u00e3o da ARN.<br \/>\nO Conselho Consultivo \u00e9 composto por representantes das entidades reguladas e de associa\u00e7\u00f5es representativas dos consumidores e das c\u00e2maras de com\u00e9rcio para um mandato de tr\u00eas (3) anos, renov\u00e1vel, sem preju\u00edzo de poderem ser substitu\u00eddos a qualquer momento pelas entidades que os nomeiam.<\/p>\n<p><a href=\"http:\/\/arn.gw\/activeapp\/wp-content\/uploads\/2015\/03\/organigrama.png\"><img loading=\"lazy\" decoding=\"async\" class=\"alignnone size-full wp-image-148\" src=\"http:\/\/arn.gw\/activeapp\/wp-content\/uploads\/2015\/03\/organigrama.png\" alt=\"organigrama\" width=\"705\" height=\"927\" srcset=\"https:\/\/arn.gw\/activeapp\/wp-content\/uploads\/2015\/03\/organigrama.png 705w, https:\/\/arn.gw\/activeapp\/wp-content\/uploads\/2015\/03\/organigrama-228x300.png 228w\" sizes=\"(max-width: 705px) 100vw, 705px\" \/><\/a><\/p>\n","protected":false},"excerpt":{"rendered":"<p>O Conselho de Administra\u00e7\u00e3o \u00e9 o \u00f3rg\u00e3o colegial respons\u00e1vel pela defini\u00e7\u00e3o e implementa\u00e7\u00e3o da actividade reguladora da ARN, bem como pela direc\u00e7\u00e3o dos respectivos servi\u00e7os.<\/p>\n","protected":false},"author":6,"featured_media":150,"parent":0,"menu_order":0,"comment_status":"open","ping_status":"open","template":"","meta":{"_acf_changed":false,"footnotes":""},"class_list":["post-14","page","type-page","status-publish","has-post-thumbnail","hentry"],"acf":[],"aioseo_notices":[],"_links":{"self":[{"href":"https:\/\/arn.gw\/activeapp\/wp-json\/wp\/v2\/pages\/14"}],"collection":[{"href":"https:\/\/arn.gw\/activeapp\/wp-json\/wp\/v2\/pages"}],"about":[{"href":"https:\/\/arn.gw\/activeapp\/wp-json\/wp\/v2\/types\/page"}],"author":[{"embeddable":true,"href":"https:\/\/arn.gw\/activeapp\/wp-json\/wp\/v2\/users\/6"}],"replies":[{"embeddable":true,"href":"https:\/\/arn.gw\/activeapp\/wp-json\/wp\/v2\/comments?post=14"}],"version-history":[{"count":9,"href":"https:\/\/arn.gw\/activeapp\/wp-json\/wp\/v2\/pages\/14\/revisions"}],"predecessor-version":[{"id":226,"href":"https:\/\/arn.gw\/activeapp\/wp-json\/wp\/v2\/pages\/14\/revisions\/226"}],"wp:featuredmedia":[{"embeddable":true,"href":"https:\/\/arn.gw\/activeapp\/wp-json\/wp\/v2\/media\/150"}],"wp:attachment":[{"href":"https:\/\/arn.gw\/activeapp\/wp-json\/wp\/v2\/media?parent=14"}],"curies":[{"name":"wp","href":"https:\/\/api.w.org\/{rel}","templated":true}]}}