{"id":1615,"date":"2022-05-30T14:41:24","date_gmt":"2022-05-30T14:41:24","guid":{"rendered":"https:\/\/arn.gw\/?page_id=1615"},"modified":"2022-06-07T11:42:48","modified_gmt":"2022-06-07T11:42:48","slug":"analise-de-mercados","status":"publish","type":"page","link":"https:\/\/arn.gw\/activeapp\/analise-de-mercados\/","title":{"rendered":"Analise de Mercados"},"content":{"rendered":"\n<p><strong>AN\u00c1LISE DE MERCADOS<\/strong><\/p>\n\n\n\n<p>Nos termos do Artigo 72.\u00ba da Lei de Base, compete \u00e0 ARN definir e analisar os mercados relevantes e declarar as empresas com posi\u00e7\u00e3o significativa no mercado, de acordo com os procedimentos no regulamento relativo \u00e0 interliga\u00e7\u00e3o.<\/p>\n\n\n\n<p>A analise de mercado \u00e9 necess\u00e1ria de modo a determinar o car\u00e1cter concorrencial ou n\u00e3o dos mesmos e determinar quais as obriga\u00e7\u00f5es regulamentares que devem ou n\u00e3o ser introduzidas e associadas \u00e0s ofertas de operadores com posi\u00e7\u00e3o significativa num mercado particular.<\/p>\n\n\n\n<p><\/p>\n\n\n\n<h4 class=\"wp-block-heading\">Estudo para determina\u00e7\u00e3o de mercados relevantes das telecomunica\u00e7\u00f5es, designa\u00e7\u00e3o de PMS e rem\u00e9dios a aplicar aos PMS<\/h4>\n\n\n\n<div class=\"wp-block-columns is-layout-flex wp-container-core-columns-is-layout-1 wp-block-columns-is-layout-flex\">\n<div class=\"wp-block-column is-layout-flow wp-block-column-is-layout-flow\">\n<div class=\"wp-block-group\"><div class=\"wp-block-group__inner-container is-layout-flow wp-block-group-is-layout-flow\">\n<div class=\"wp-block-buttons is-layout-flex wp-block-buttons-is-layout-flex\">\n<div class=\"wp-block-button\"><a class=\"wp-block-button__link has-vivid-green-cyan-background-color has-background\" href=\"https:\/\/arn.gw\/ddp-elaboracao-modelo-custeio\/\">Elabora\u00e7\u00e3o de Modelo de Custeio <\/a><\/div>\n\n\n\n<div class=\"wp-block-button\"><a class=\"wp-block-button__link has-vivid-green-cyan-background-color has-background\" href=\"https:\/\/arn.gw\/aviso-analise-de-mercado\/\"> Aviso An\u00e1lise de Mercado <\/a><\/div>\n\n\n\n<div class=\"wp-block-button\"><a class=\"wp-block-button__link has-vivid-green-cyan-background-color has-background\" href=\"https:\/\/arn.gw\/relatorio\/\">Relat\u00f3rio<\/a><\/div>\n<\/div>\n<\/div><\/div>\n<\/div>\n<\/div>\n\n\n\n<p><\/p>\n","protected":false},"excerpt":{"rendered":"<p>AN\u00c1LISE DE MERCADOS Nos termos do Artigo 72.\u00ba da Lei de Base, compete \u00e0 ARN definir e analisar os mercados relevantes e declarar as empresas com posi\u00e7\u00e3o significativa no mercado, de acordo com os procedimentos no regulamento relativo \u00e0 interliga\u00e7\u00e3o. A analise de mercado \u00e9 necess\u00e1ria de modo a determinar o car\u00e1cter concorrencial ou n\u00e3o [&hellip;]<\/p>\n","protected":false},"author":3,"featured_media":0,"parent":0,"menu_order":0,"comment_status":"closed","ping_status":"closed","template":"","meta":{"_acf_changed":false,"footnotes":""},"class_list":["post-1615","page","type-page","status-publish","hentry"],"acf":[],"aioseo_notices":[],"_links":{"self":[{"href":"https:\/\/arn.gw\/activeapp\/wp-json\/wp\/v2\/pages\/1615"}],"collection":[{"href":"https:\/\/arn.gw\/activeapp\/wp-json\/wp\/v2\/pages"}],"about":[{"href":"https:\/\/arn.gw\/activeapp\/wp-json\/wp\/v2\/types\/page"}],"author":[{"embeddable":true,"href":"https:\/\/arn.gw\/activeapp\/wp-json\/wp\/v2\/users\/3"}],"replies":[{"embeddable":true,"href":"https:\/\/arn.gw\/activeapp\/wp-json\/wp\/v2\/comments?post=1615"}],"version-history":[{"count":15,"href":"https:\/\/arn.gw\/activeapp\/wp-json\/wp\/v2\/pages\/1615\/revisions"}],"predecessor-version":[{"id":1724,"href":"https:\/\/arn.gw\/activeapp\/wp-json\/wp\/v2\/pages\/1615\/revisions\/1724"}],"wp:attachment":[{"href":"https:\/\/arn.gw\/activeapp\/wp-json\/wp\/v2\/media?parent=1615"}],"curies":[{"name":"wp","href":"https:\/\/api.w.org\/{rel}","templated":true}]}}