{"id":1644,"date":"2022-05-31T11:32:58","date_gmt":"2022-05-31T11:32:58","guid":{"rendered":"https:\/\/arn.gw\/?page_id=1644"},"modified":"2022-06-07T11:36:03","modified_gmt":"2022-06-07T11:36:03","slug":"estatistica","status":"publish","type":"page","link":"https:\/\/arn.gw\/activeapp\/estatistica\/","title":{"rendered":"Estat\u00edstica"},"content":{"rendered":"\n<h2 class=\"wp-block-heading\">Dados estat\u00edsticos sectoriais, recolhidos, no quadro do despacho n\u00ba5\/PCA\/2018<\/h2>\n\n\n\n<div class=\"wp-block-buttons is-layout-flex wp-block-buttons-is-layout-flex\">\n<div class=\"wp-block-button\"><a class=\"wp-block-button__link has-vivid-green-cyan-background-color has-background\" href=\"https:\/\/arn.gw\/sms\/\">SMS<\/a><\/div>\n\n\n\n<div class=\"wp-block-button\"><a class=\"wp-block-button__link has-vivid-green-cyan-background-color has-background\" href=\"https:\/\/arn.gw\/servico-movel\/\">Servi\u00e7o M\u00f3vel<\/a><\/div>\n\n\n\n<div class=\"wp-block-button\"><a class=\"wp-block-button__link has-vivid-green-cyan-background-color has-background\" href=\"https:\/\/arn.gw\/mobile_money\/\">Mobile Money<\/a><\/div>\n\n\n\n<div class=\"wp-block-button\"><a class=\"wp-block-button__link has-vivid-green-cyan-background-color has-background\" href=\"https:\/\/arn.gw\/servico-de-internet-fixo-via-radio\/\">Servi\u00e7o Internet Fixo<\/a><\/div>\n\n\n\n<div class=\"wp-block-button is-style-fill\"><a class=\"wp-block-button__link has-vivid-green-cyan-background-color has-background\" href=\"https:\/\/arn.gw\/internet-2\/\">Internet<\/a><\/div>\n<\/div>\n\n\n\n<div data-wp-interactive=\"core\/file\" class=\"wp-block-file\"><object data-wp-bind--hidden=\"!state.hasPdfPreview\"  class=\"wp-block-file__embed\" data=\"https:\/\/arn.gw\/activeapp\/wp-content\/uploads\/2022\/05\/Despacho-n5-PCA-2018.pdf\" type=\"application\/pdf\" style=\"width:100%;height:600px\" aria-label=\"Incorpora\u00e7\u00e3o de Incorpora\u00e7\u00e3o de Despacho-n5-PCA-2018..\"><\/object><a href=\"https:\/\/arn.gw\/activeapp\/wp-content\/uploads\/2022\/05\/Despacho-n5-PCA-2018.pdf\">Despacho-n5-PCA-2018<\/a><a href=\"https:\/\/arn.gw\/activeapp\/wp-content\/uploads\/2022\/05\/Despacho-n5-PCA-2018.pdf\" class=\"wp-block-file__button\" download>Descarregar<\/a><\/div>\n\n\n\n<div class=\"wp-block-file\"><a href=\"https:\/\/arn.gw\/activeapp\/wp-content\/uploads\/2022\/05\/QUESTIONARIOS-ARN-INDICADOR_2022_Q1.xlsx\">QUESTIONARIOS-ARN-INDICADOR_2022_Q1<\/a><a href=\"https:\/\/arn.gw\/activeapp\/wp-content\/uploads\/2022\/05\/QUESTIONARIOS-ARN-INDICADOR_2022_Q1.xlsx\" class=\"wp-block-file__button\" download>Descarregar<\/a><\/div>\n\n\n\n<p><\/p>\n","protected":false},"excerpt":{"rendered":"<p>Dados estat\u00edsticos sectoriais, recolhidos, no quadro do despacho n\u00ba5\/PCA\/2018<\/p>\n","protected":false},"author":7,"featured_media":0,"parent":0,"menu_order":0,"comment_status":"closed","ping_status":"closed","template":"","meta":{"_acf_changed":false,"footnotes":""},"class_list":["post-1644","page","type-page","status-publish","hentry"],"acf":[],"aioseo_notices":[],"_links":{"self":[{"href":"https:\/\/arn.gw\/activeapp\/wp-json\/wp\/v2\/pages\/1644"}],"collection":[{"href":"https:\/\/arn.gw\/activeapp\/wp-json\/wp\/v2\/pages"}],"about":[{"href":"https:\/\/arn.gw\/activeapp\/wp-json\/wp\/v2\/types\/page"}],"author":[{"embeddable":true,"href":"https:\/\/arn.gw\/activeapp\/wp-json\/wp\/v2\/users\/7"}],"replies":[{"embeddable":true,"href":"https:\/\/arn.gw\/activeapp\/wp-json\/wp\/v2\/comments?post=1644"}],"version-history":[{"count":6,"href":"https:\/\/arn.gw\/activeapp\/wp-json\/wp\/v2\/pages\/1644\/revisions"}],"predecessor-version":[{"id":1710,"href":"https:\/\/arn.gw\/activeapp\/wp-json\/wp\/v2\/pages\/1644\/revisions\/1710"}],"wp:attachment":[{"href":"https:\/\/arn.gw\/activeapp\/wp-json\/wp\/v2\/media?parent=1644"}],"curies":[{"name":"wp","href":"https:\/\/api.w.org\/{rel}","templated":true}]}}