{"id":1666,"date":"2022-05-31T14:42:21","date_gmt":"2022-05-31T14:42:21","guid":{"rendered":"https:\/\/arn.gw\/?page_id=1666"},"modified":"2022-06-07T11:50:47","modified_gmt":"2022-06-07T11:50:47","slug":"planeamento","status":"publish","type":"page","link":"https:\/\/arn.gw\/activeapp\/planeamento\/","title":{"rendered":"Plano Anual de Atividade"},"content":{"rendered":"\n<h4 class=\"wp-block-heading\">Plano de atividade 2022<\/h4>\n\n\n\n<p>A<strong> Lei n.\u00ba 5\/2010, <\/strong><em>de 27 de maio, <\/em>estabelece o regime jur\u00eddico aplic\u00e1vel \u00e0 pol\u00edtica do Governo relativa aos servi\u00e7os e redes das Tecnologias de Informa\u00e7\u00e3o e Comunica\u00e7\u00e3o (TIC) e aos recursos e servi\u00e7os conexos com o objetivo de:<\/p>\n\n\n\n<ul class=\"wp-block-list\"><li>Promover o desenvolvimento das tecnologias de informa\u00e7\u00e3o e comunica\u00e7\u00e3o na Guin\u00e9-Bissau mediante a defini\u00e7\u00e3o de um quadro jur\u00eddico adequado \u00e0s exig\u00eancias da liberaliza\u00e7\u00e3o e da concorr\u00eancia;<\/li><\/ul>\n\n\n\n<ul class=\"wp-block-list\"><li>Promover e dar \u00eanfase ao papel das tecnologias de informa\u00e7\u00e3o e comunica\u00e7\u00e3o como instrumento fundamental do desenvolvimento econ\u00f3mico e social;<\/li><\/ul>\n\n\n\n<ul class=\"wp-block-list\"><li>Criar condi\u00e7\u00f5es favor\u00e1veis \u00e0 emerg\u00eancia e desenvolvimento dum sector concorrencial das telecomunica\u00e7\u00f5es e facilitar o acesso aos servi\u00e7os de telecomunica\u00e7\u00f5es a melhores pre\u00e7os;<\/li><\/ul>\n\n\n\n<div data-wp-interactive=\"core\/file\" class=\"wp-block-file\"><object data-wp-bind--hidden=\"!state.hasPdfPreview\"  class=\"wp-block-file__embed\" data=\"https:\/\/arn.gw\/activeapp\/wp-content\/uploads\/2022\/06\/PROJETO-DE-PLANO-DE-ATIVIDADES.pdf\" type=\"application\/pdf\" style=\"width:100%;height:600px\" aria-label=\"Incorpora\u00e7\u00e3o de Incorpora\u00e7\u00e3o de PROJETO-DE-PLANO-DE-ATIVIDADES..\"><\/object><a href=\"https:\/\/arn.gw\/activeapp\/wp-content\/uploads\/2022\/06\/PROJETO-DE-PLANO-DE-ATIVIDADES.pdf\">PROJETO-DE-PLANO-DE-ATIVIDADES<\/a><a href=\"https:\/\/arn.gw\/activeapp\/wp-content\/uploads\/2022\/06\/PROJETO-DE-PLANO-DE-ATIVIDADES.pdf\" class=\"wp-block-file__button\" download>Descarregar<\/a><\/div>\n","protected":false},"excerpt":{"rendered":"<p>Plano de atividade 2022 A Lei n.\u00ba 5\/2010, de 27 de maio, estabelece o regime jur\u00eddico aplic\u00e1vel \u00e0 pol\u00edtica do Governo relativa aos servi\u00e7os e redes das Tecnologias de Informa\u00e7\u00e3o e Comunica\u00e7\u00e3o (TIC) e aos recursos e servi\u00e7os conexos com o objetivo de: Promover o desenvolvimento das tecnologias de informa\u00e7\u00e3o e comunica\u00e7\u00e3o na Guin\u00e9-Bissau mediante [&hellip;]<\/p>\n","protected":false},"author":7,"featured_media":0,"parent":0,"menu_order":0,"comment_status":"closed","ping_status":"closed","template":"","meta":{"_acf_changed":false,"footnotes":""},"class_list":["post-1666","page","type-page","status-publish","hentry"],"acf":[],"aioseo_notices":[],"_links":{"self":[{"href":"https:\/\/arn.gw\/activeapp\/wp-json\/wp\/v2\/pages\/1666"}],"collection":[{"href":"https:\/\/arn.gw\/activeapp\/wp-json\/wp\/v2\/pages"}],"about":[{"href":"https:\/\/arn.gw\/activeapp\/wp-json\/wp\/v2\/types\/page"}],"author":[{"embeddable":true,"href":"https:\/\/arn.gw\/activeapp\/wp-json\/wp\/v2\/users\/7"}],"replies":[{"embeddable":true,"href":"https:\/\/arn.gw\/activeapp\/wp-json\/wp\/v2\/comments?post=1666"}],"version-history":[{"count":3,"href":"https:\/\/arn.gw\/activeapp\/wp-json\/wp\/v2\/pages\/1666\/revisions"}],"predecessor-version":[{"id":1729,"href":"https:\/\/arn.gw\/activeapp\/wp-json\/wp\/v2\/pages\/1666\/revisions\/1729"}],"wp:attachment":[{"href":"https:\/\/arn.gw\/activeapp\/wp-json\/wp\/v2\/media?parent=1666"}],"curies":[{"name":"wp","href":"https:\/\/api.w.org\/{rel}","templated":true}]}}