{"id":2,"date":"2015-03-20T11:33:11","date_gmt":"2015-03-20T11:33:11","guid":{"rendered":"http:\/\/192.168.1.67:8888\/arn\/?page_id=2"},"modified":"2015-04-15T10:07:55","modified_gmt":"2015-04-15T10:07:55","slug":"quem-somos","status":"publish","type":"page","link":"https:\/\/arn.gw\/activeapp\/quem-somos\/","title":{"rendered":"Quem Somos"},"content":{"rendered":"<h6>A ARN sucede ao ICGB na sua personalidade jur\u00eddica, mantendo todos os direitos e obriga\u00e7\u00f5es legais ou contratuais, que integram a respectiva esfera jur\u00eddica. Est\u00e1 dotada de personalidade jur\u00eddica, com autonomia administrativa e financeira, com patrim\u00f3nio pr\u00f3prio, exercendo a sua ac\u00e7\u00e3o sob tutela do membro do Governo respons\u00e1vel pelo Sector da tecnologia de informa\u00e7\u00e3o e comunica\u00e7\u00e3o.<\/h6>\n<p>A ARN tem por objecto o apoio ao Governo na coordena\u00e7\u00e3o, tutela e planeamento do sector da tecnologia da informa\u00e7\u00e3o e comunica\u00e7\u00e3o, bem como na regula\u00e7\u00e3o, supervis\u00e3o, fiscaliza\u00e7\u00e3o e representa\u00e7\u00e3o t\u00e9cnica do sector da tecnologia da informa\u00e7\u00e3o e comunica\u00e7\u00e3o nos termos da presente lei.<\/p>\n<p>A ARN \u00e9 independente no exerc\u00edcio das suas fun\u00e7\u00f5es, no quadro da lei, sem preju\u00edzo dos princ\u00edpios orientadores de pol\u00edtica da tecnologia da informa\u00e7\u00e3o e comunica\u00e7\u00e3o fixados pelo Governo, nos termos constitucionais e legais, e dos actos sujeitos \u00e0 tutela da entidade designada pelo Governo, nos termos previstos na lei.<\/p>\n","protected":false},"excerpt":{"rendered":"<p>A ARN sucede ao ICGB na sua personalidade jur\u00eddica, mantendo todos os direitos e obriga\u00e7\u00f5es legais ou contratuais, que integram a respectiva esfera jur\u00eddica. <\/p>\n","protected":false},"author":6,"featured_media":126,"parent":0,"menu_order":0,"comment_status":"open","ping_status":"closed","template":"","meta":{"_acf_changed":false,"footnotes":""},"class_list":["post-2","page","type-page","status-publish","has-post-thumbnail","hentry"],"acf":[],"aioseo_notices":[],"_links":{"self":[{"href":"https:\/\/arn.gw\/activeapp\/wp-json\/wp\/v2\/pages\/2"}],"collection":[{"href":"https:\/\/arn.gw\/activeapp\/wp-json\/wp\/v2\/pages"}],"about":[{"href":"https:\/\/arn.gw\/activeapp\/wp-json\/wp\/v2\/types\/page"}],"author":[{"embeddable":true,"href":"https:\/\/arn.gw\/activeapp\/wp-json\/wp\/v2\/users\/6"}],"replies":[{"embeddable":true,"href":"https:\/\/arn.gw\/activeapp\/wp-json\/wp\/v2\/comments?post=2"}],"version-history":[{"count":10,"href":"https:\/\/arn.gw\/activeapp\/wp-json\/wp\/v2\/pages\/2\/revisions"}],"predecessor-version":[{"id":302,"href":"https:\/\/arn.gw\/activeapp\/wp-json\/wp\/v2\/pages\/2\/revisions\/302"}],"wp:featuredmedia":[{"embeddable":true,"href":"https:\/\/arn.gw\/activeapp\/wp-json\/wp\/v2\/media\/126"}],"wp:attachment":[{"href":"https:\/\/arn.gw\/activeapp\/wp-json\/wp\/v2\/media?parent=2"}],"curies":[{"name":"wp","href":"https:\/\/api.w.org\/{rel}","templated":true}]}}