{"id":25,"date":"2015-03-19T11:44:09","date_gmt":"2015-03-19T11:44:09","guid":{"rendered":"http:\/\/192.168.1.67:8888\/arn\/?page_id=25"},"modified":"2015-07-03T09:32:14","modified_gmt":"2015-07-03T09:32:14","slug":"textos-de-referencias","status":"publish","type":"page","link":"https:\/\/arn.gw\/activeapp\/textos-de-referencias\/","title":{"rendered":"Textos de Refer\u00eancias"},"content":{"rendered":"<p>&nbsp;<\/p>\n<p><a href=\"http:\/\/arn.gw\/activeapp\/wp-content\/uploads\/2015\/03\/BOLETIM-2\u00ba-sup-n\u00ba45.pdf\" target=\"_blank\">Boletim Oficial &#8211; n\u00ba 45 &#8211; 13 de Novembro de 2013.<\/a><\/p>\n<p><strong>Decreto n.\u00ba 21\/2013<\/strong> \u2013 Regulamento de Partilha de infraestruturas passivas de Telecomunica\u00e7\u00f5es e outros recursos de Redes<br \/>\n<strong>Decreto n.\u00ba 22\/2013<\/strong> \u2013 Regulamento Relativo \u00e0 Identifica\u00e7\u00e3o de Assinantes das Redes de Telecomunica\u00e7\u00f5es M\u00f3veis<\/p>\n<p><a href=\"http:\/\/arn.gw\/activeapp\/wp-content\/uploads\/2015\/03\/BOLETIM-sup-n\u00ba43.pdf\" target=\"_blank\">Boletim Oficial &#8211; n\u00ba 43 &#8211; 23 de Outubro de 2013.<\/a><\/p>\n<p><strong>Decreto n.\u00ba 7\/2012<\/strong> \u2013 Regulamento do Registo de Dom\u00ednio .GW<br \/>\n<strong>Decreto n.\u00ba 8\/2012<\/strong> \u2013 Regulamento relativo ao acesso e Oferta de Redes e Servi\u00e7os transmitidos por cabos submarinos<\/p>\n<p><a href=\"http:\/\/arn.gw\/activeapp\/wp-content\/uploads\/2015\/03\/BOLETIM-2\u00ba-sup-n\u00ba27.pdf\">Boletim Oficial &#8211; n\u00ba 27 &#8211; 10 Julho de 2013.<\/a><\/p>\n<p><strong>Decreto n.\u00ba 14\/2013<\/strong> \u2013 Regulamento relativo \u00e0 Gest\u00e3o e Controlo do Tr\u00e1fego gerado nas Redes e Operadoras licenciadas no pa\u00eds<br \/>\n<strong>Decreto n.\u00ba 15\/2013<\/strong> \u2013 Criada uma comiss\u00e3o nacional para transi\u00e7\u00e3o analogica\/Digital (CNTA\/D)<\/p>\n<p><a href=\"http:\/\/arn.gw\/activeapp\/wp-content\/uploads\/2015\/03\/BOLETIM-4\u00ba-sup-n\u00ba8.pdf\" target=\"_blank\">Boletim Oficial &#8211; n\u00ba 8 &#8211; 4\u00ba Suplemento &#8211; 25 Fevereiro de 2011.<\/a><\/p>\n<p><strong>Decreto n.\u00ba 17\/2011<\/strong> \u2013 Fundo de Acesso Universal<br \/>\n<strong>Decreto n.\u00ba 18\/2011<\/strong> \u2013 Taxa de Regula\u00e7\u00e3o das Telecomunica\u00e7\u00f5es e das Tecnologias de Informa\u00e7\u00e3o e Comunica\u00e7\u00e3o (TIC).<\/p>\n<p><a href=\"http:\/\/arn.gw\/activeapp\/wp-content\/uploads\/2015\/03\/Decreto-Lei-N\u00ba-13141516-2010-B.O.-N\u00ba-38.pdf\" target=\"_blank\">Boletim Oficial &#8211; n\u00ba38 &#8211; 22 Setembro de 2010.<\/a><\/p>\n<p><strong>Decreto n.\u00ba 13\/2010<\/strong> \u2013 Regulamento Relativo ao Regime de Interliga\u00e7\u00e3o.<br \/>\n<strong>Decreto n.\u00ba 14\/2010<\/strong> \u2013 Regulamento de Fiscaliza\u00e7\u00e3o, San\u00e7\u00f5es e Resolu\u00e7\u00e3o de Conflito.<br \/>\n<strong>Decreto n.\u00ba 15\/2010<\/strong> \u2013 Regulamento de Procedimento de Consulta P\u00fablica.<br \/>\n<strong>Decreto n.\u00ba 16\/2010<\/strong> \u2013 Regulamento de Oferta de Redes e Servi\u00e7os Informa\u00e7\u00e3o e Comunica\u00e7\u00f5es.<\/p>\n<p><a title=\"Boletim\" href=\"http:\/\/arn.gw\/activeapp\/wp-content\/uploads\/2015\/03\/3.-\u00a6SUP.-B.-O.-N.-\u00a6-21-2010.pdf\" target=\"_blank\">Boletim Oficial &#8211; n\u00ba 21 &#8211; 27 de Maio de 2010.<\/a><\/p>\n<p><strong>Lei n.\u00ba 5\/2010<\/strong> \u2013 Lei de Base das Tecnologias de Informa\u00e7\u00e3o e Comunica\u00e7\u00e3o.<\/p>\n","protected":false},"excerpt":{"rendered":"<p>&nbsp; Boletim Oficial &#8211; n\u00ba 45 &#8211; 13 de Novembro de 2013. Decreto n.\u00ba 21\/2013 \u2013 Regulamento de Partilha de infraestruturas passivas de Telecomunica\u00e7\u00f5es e outros recursos de Redes Decreto n.\u00ba 22\/2013 \u2013 Regulamento Relativo \u00e0 Identifica\u00e7\u00e3o de Assinantes das Redes de Telecomunica\u00e7\u00f5es M\u00f3veis Boletim Oficial &#8211; n\u00ba 43 &#8211; 23 de Outubro de 2013. [&hellip;]<\/p>\n","protected":false},"author":6,"featured_media":347,"parent":0,"menu_order":0,"comment_status":"open","ping_status":"open","template":"","meta":{"_acf_changed":false,"footnotes":""},"class_list":["post-25","page","type-page","status-publish","has-post-thumbnail","hentry"],"acf":[],"aioseo_notices":[],"_links":{"self":[{"href":"https:\/\/arn.gw\/activeapp\/wp-json\/wp\/v2\/pages\/25"}],"collection":[{"href":"https:\/\/arn.gw\/activeapp\/wp-json\/wp\/v2\/pages"}],"about":[{"href":"https:\/\/arn.gw\/activeapp\/wp-json\/wp\/v2\/types\/page"}],"author":[{"embeddable":true,"href":"https:\/\/arn.gw\/activeapp\/wp-json\/wp\/v2\/users\/6"}],"replies":[{"embeddable":true,"href":"https:\/\/arn.gw\/activeapp\/wp-json\/wp\/v2\/comments?post=25"}],"version-history":[{"count":13,"href":"https:\/\/arn.gw\/activeapp\/wp-json\/wp\/v2\/pages\/25\/revisions"}],"predecessor-version":[{"id":471,"href":"https:\/\/arn.gw\/activeapp\/wp-json\/wp\/v2\/pages\/25\/revisions\/471"}],"wp:featuredmedia":[{"embeddable":true,"href":"https:\/\/arn.gw\/activeapp\/wp-json\/wp\/v2\/media\/347"}],"wp:attachment":[{"href":"https:\/\/arn.gw\/activeapp\/wp-json\/wp\/v2\/media?parent=25"}],"curies":[{"name":"wp","href":"https:\/\/api.w.org\/{rel}","templated":true}]}}