{"id":27,"date":"2015-03-19T11:44:42","date_gmt":"2015-03-19T11:44:42","guid":{"rendered":"http:\/\/192.168.1.67:8888\/arn\/?page_id=27"},"modified":"2015-04-15T13:54:44","modified_gmt":"2015-04-15T13:54:44","slug":"textos-comunitarios","status":"publish","type":"page","link":"https:\/\/arn.gw\/activeapp\/textos-comunitarios\/","title":{"rendered":"Textos Comunit\u00e1rios"},"content":{"rendered":"<h6 style=\"text-align: left;\">Nesta \u00e1rea poder\u00e1 consultar ou descarregar os texto comunit\u00e1rios CEDEAO:<\/h6>\n<p><a href=\"http:\/\/arn.gw\/activeapp\/wp-content\/uploads\/2015\/03\/Frequences_CEDEAO_Fr.pdf\">Radio-Frequency Spectrum<\/a><\/p>\n<p><a href=\"http:\/\/arn.gw\/activeapp\/wp-content\/uploads\/2015\/03\/Politique_TIC_CEDEAO_Fr.pdf\">ICT Policy ECOWAS<\/a><\/p>\n<p><a href=\"http:\/\/arn.gw\/activeapp\/wp-content\/uploads\/2015\/03\/Numerotation_CEDEAO_Fr.pdf\">Numbering ECOWAS<\/a><\/p>\n<p><a href=\"http:\/\/arn.gw\/activeapp\/wp-content\/uploads\/2015\/03\/Interconnexion_CEDEAO_Fr.pdf\">Interconnection ECOWAS<\/a><\/p>\n<p>&nbsp;<\/p>\n<h6 style=\"text-align: left;\">Textos comunit\u00e1rios UEMOA:<\/h6>\n<p><a href=\"http:\/\/arn.gw\/activeapp\/wp-content\/uploads\/2015\/03\/directive_01_2006_CM_UEMOA.pdf\">directive_01_2006_CM_UEMOA<\/a><\/p>\n<p><a href=\"http:\/\/arn.gw\/activeapp\/wp-content\/uploads\/2015\/03\/directive_02_2006_CM_UEMOA.pdf\">directive_02_2006_CM_UEMOA<\/a><\/p>\n<p><a href=\"http:\/\/arn.gw\/activeapp\/wp-content\/uploads\/2015\/03\/directive_03_2006_CM_UEMOA.pdf\">directive_03_2006_CM_UEMOA<\/a><\/p>\n<p><a href=\"http:\/\/arn.gw\/activeapp\/wp-content\/uploads\/2015\/03\/directive_04_2006_CM_UEMOA.pdf\">directive_04_2006_CM_UEMO<\/a><a href=\"http:\/\/arn.gw\/activeapp\/wp-content\/uploads\/2015\/03\/directive_04_2006_CM_UEMOA.pdf\">A<\/a><\/p>\n<p><a href=\"http:\/\/arn.gw\/activeapp\/wp-content\/uploads\/2015\/03\/directive_05_2006_CM_UEMOA.pdf\">directive_05_2006_CM_UEMOA<\/a><\/p>\n<p><a href=\"http:\/\/arn.gw\/activeapp\/wp-content\/uploads\/2015\/03\/directive_06_2006_CM_UEMOA.pdf\">directive_06_2006_CM_UEMOA<\/a><\/p>\n<p><a href=\"http:\/\/arn.gw\/activeapp\/wp-content\/uploads\/2015\/03\/decision_09_2006_CM_UEMOA.pdf\">decision_09_2006_CM_UEMOA<\/a><\/p>\n<p>&nbsp;<\/p>\n<p>&nbsp;<\/p>\n","protected":false},"excerpt":{"rendered":"<p>Nesta \u00e1rea poder\u00e1 consultar ou descarregar os texto comunit\u00e1rios CEDEAO: Radio-Frequency Spectrum ICT Policy ECOWAS Numbering ECOWAS Interconnection ECOWAS &nbsp; Textos comunit\u00e1rios UEMOA: directive_01_2006_CM_UEMOA directive_02_2006_CM_UEMOA directive_03_2006_CM_UEMOA directive_04_2006_CM_UEMOA directive_05_2006_CM_UEMOA directive_06_2006_CM_UEMOA decision_09_2006_CM_UEMOA &nbsp; &nbsp;<\/p>\n","protected":false},"author":6,"featured_media":317,"parent":0,"menu_order":0,"comment_status":"open","ping_status":"open","template":"","meta":{"_acf_changed":false,"footnotes":""},"class_list":["post-27","page","type-page","status-publish","has-post-thumbnail","hentry"],"acf":[],"aioseo_notices":[],"_links":{"self":[{"href":"https:\/\/arn.gw\/activeapp\/wp-json\/wp\/v2\/pages\/27"}],"collection":[{"href":"https:\/\/arn.gw\/activeapp\/wp-json\/wp\/v2\/pages"}],"about":[{"href":"https:\/\/arn.gw\/activeapp\/wp-json\/wp\/v2\/types\/page"}],"author":[{"embeddable":true,"href":"https:\/\/arn.gw\/activeapp\/wp-json\/wp\/v2\/users\/6"}],"replies":[{"embeddable":true,"href":"https:\/\/arn.gw\/activeapp\/wp-json\/wp\/v2\/comments?post=27"}],"version-history":[{"count":18,"href":"https:\/\/arn.gw\/activeapp\/wp-json\/wp\/v2\/pages\/27\/revisions"}],"predecessor-version":[{"id":192,"href":"https:\/\/arn.gw\/activeapp\/wp-json\/wp\/v2\/pages\/27\/revisions\/192"}],"wp:featuredmedia":[{"embeddable":true,"href":"https:\/\/arn.gw\/activeapp\/wp-json\/wp\/v2\/media\/317"}],"wp:attachment":[{"href":"https:\/\/arn.gw\/activeapp\/wp-json\/wp\/v2\/media?parent=27"}],"curies":[{"name":"wp","href":"https:\/\/api.w.org\/{rel}","templated":true}]}}