{"id":33,"date":"2015-03-19T11:50:00","date_gmt":"2015-03-19T11:50:00","guid":{"rendered":"http:\/\/192.168.1.67:8888\/arn\/?page_id=33"},"modified":"2015-04-13T13:15:36","modified_gmt":"2015-04-13T13:15:36","slug":"procedimento-de-regulacao-e-supervisao","status":"publish","type":"page","link":"https:\/\/arn.gw\/activeapp\/procedimento-de-regulacao-e-supervisao\/","title":{"rendered":"Procedimento de Regula\u00e7\u00e3o e Supervis\u00e3o"},"content":{"rendered":"<p>No \u00e2mbito das suas compet\u00eancias de regula\u00e7\u00e3o e supervis\u00e3o, a ARN pode adoptar, nos termos da lei, os seguintes procedimentos:<\/p>\n<p>&nbsp;<\/p>\n<ol>\n<li>Emitir actos administrativos para o cumprimento das disposi\u00e7\u00f5es legais e regulamentares quando se mostrem indispens\u00e1veis ao exerc\u00edcio das suas\u00a0atribui\u00e7\u00f5es;<\/li>\n<li>Acompanhar a actividade das entidades sujeitas \u00e0 sua supervis\u00e3o e o funcionamento do mercado da tecnologia da informa\u00e7\u00e3o e comunica\u00e7\u00e3o;<\/li>\n<li>Fiscalizar o cumprimento da lei e dos regulamentos aplic\u00e1veis ao sector da tecnologia da informa\u00e7\u00e3o e comunica\u00e7\u00e3o;<\/li>\n<li>Zelar pelo cumprimento das disposi\u00e7\u00f5es legais;<\/li>\n<li>Proceder \u00e0 emiss\u00e3o das licen\u00e7as, autoriza\u00e7\u00f5es ou registos previstos na lei;<\/li>\n<li>Instaurar e instruir os processos sancionat\u00f3rios e punir as infrac\u00e7\u00f5es que sejam da sua compet\u00eancia;<\/li>\n<li>Dar ordens e formular recomenda\u00e7\u00f5es concretas;<\/li>\n<li>Difundir informa\u00e7\u00f5es;<\/li>\n<li>Publicar estudos;<\/li>\n<li>Outras medidas previstas na lei.<\/li>\n<\/ol>\n","protected":false},"excerpt":{"rendered":"<p>No \u00e2mbito das suas compet\u00eancias de regula\u00e7\u00e3o e supervis\u00e3o, a ARN pode adoptar, nos termos da lei, os seguintes procedimentos: &nbsp; Emitir actos administrativos para o cumprimento das disposi\u00e7\u00f5es legais e regulamentares quando se mostrem indispens\u00e1veis ao exerc\u00edcio das suas\u00a0atribui\u00e7\u00f5es; Acompanhar a actividade das entidades sujeitas \u00e0 sua supervis\u00e3o e o funcionamento do mercado da [&hellip;]<\/p>\n","protected":false},"author":6,"featured_media":153,"parent":0,"menu_order":0,"comment_status":"open","ping_status":"open","template":"","meta":{"_acf_changed":false,"footnotes":""},"class_list":["post-33","page","type-page","status-publish","has-post-thumbnail","hentry"],"acf":[],"aioseo_notices":[],"_links":{"self":[{"href":"https:\/\/arn.gw\/activeapp\/wp-json\/wp\/v2\/pages\/33"}],"collection":[{"href":"https:\/\/arn.gw\/activeapp\/wp-json\/wp\/v2\/pages"}],"about":[{"href":"https:\/\/arn.gw\/activeapp\/wp-json\/wp\/v2\/types\/page"}],"author":[{"embeddable":true,"href":"https:\/\/arn.gw\/activeapp\/wp-json\/wp\/v2\/users\/6"}],"replies":[{"embeddable":true,"href":"https:\/\/arn.gw\/activeapp\/wp-json\/wp\/v2\/comments?post=33"}],"version-history":[{"count":9,"href":"https:\/\/arn.gw\/activeapp\/wp-json\/wp\/v2\/pages\/33\/revisions"}],"predecessor-version":[{"id":229,"href":"https:\/\/arn.gw\/activeapp\/wp-json\/wp\/v2\/pages\/33\/revisions\/229"}],"wp:featuredmedia":[{"embeddable":true,"href":"https:\/\/arn.gw\/activeapp\/wp-json\/wp\/v2\/media\/153"}],"wp:attachment":[{"href":"https:\/\/arn.gw\/activeapp\/wp-json\/wp\/v2\/media?parent=33"}],"curies":[{"name":"wp","href":"https:\/\/api.w.org\/{rel}","templated":true}]}}