{"id":51,"date":"2015-03-19T11:55:35","date_gmt":"2015-03-19T11:55:35","guid":{"rendered":"http:\/\/192.168.1.67:8888\/arn\/?page_id=51"},"modified":"2018-07-12T15:37:10","modified_gmt":"2018-07-12T15:37:10","slug":"radiodifusao","status":"publish","type":"page","link":"https:\/\/arn.gw\/activeapp\/radiodifusao\/","title":{"rendered":"Radiodifus\u00e3o"},"content":{"rendered":"<table style=\"width: 750px; border: 1px #01A9DB; border-collapse: separate; caption-side: top;\">\n<thead>\n<tr style=\"height: 45px; background-color: #04b486; color: white;\">\n<th>LOCALIZA\u00c7\u00c3O<\/th>\n<th>ESTA\u00c7\u00c3O EMISSORA<\/th>\n<th>FREQU\u00cbNCIA (MHZ)<\/th>\n<\/tr>\n<\/thead>\n<tbody>\n<tr style=\"background-color: #01a9db; color: #ffffff; text-align: center; font-style: italic;\">\n<td style=\"text-align: center;\" colspan=\"3\">SECTOR AUTONOMO DE BISSAU<\/td>\n<\/tr>\n<tr style=\"text-align: center;\">\n<td style=\"color: #01a9db; border: 1px double #01A9DB;\">BISSAU<\/td>\n<td style=\"border: 1px double #01A9DB;\">RDN<\/td>\n<td style=\"border: 1px double #01A9DB;\">91.0<\/td>\n<\/tr>\n<tr style=\"text-align: center;\">\n<td style=\"color: #01a9db; border: 1px double #01A9DB;\">BISSAU<\/td>\n<td style=\"border: 1px double #01A9DB;\">R\u00c1DIO PHOENIX<\/td>\n<td style=\"border: 1px double #01A9DB;\">92.0<\/td>\n<\/tr>\n<tr style=\"text-align: center;\">\n<td style=\"color: #01a9db; border: 1px double #01A9DB;\">BISSAU<\/td>\n<td style=\"border: 1px double #01A9DB;\">R\u00c1DIO PINDJIGUITI<\/td>\n<td style=\"border: 1px double #01A9DB;\">95.0<\/td>\n<\/tr>\n<tr style=\"text-align: center;\">\n<td style=\"color: #01a9db; border: 1px double #01A9DB;\">BISSAU<\/td>\n<td style=\"border: 1px double #01A9DB;\">R\u00c1DIO SENSIBILIZA\u00c7\u00c3O<\/td>\n<td style=\"border: 1px double #01A9DB;\">96.0<\/td>\n<\/tr>\n<tr style=\"text-align: center;\">\n<td style=\"color: #01a9db; border: 1px double #01A9DB;\">BISSAU<\/td>\n<td style=\"border: 1px double #01A9DB;\">R\u00c1DIO LUZ FM<\/td>\n<td style=\"border: 1px double #01A9DB;\">97.1<\/td>\n<\/tr>\n<tr style=\"text-align: center;\">\n<td style=\"color: #01a9db; border: 1px double #01A9DB;\">BISSAU<\/td>\n<td style=\"border: 1px double #01A9DB;\">R\u00c1DIO NOSSA<\/td>\n<td style=\"border: 1px double #01A9DB;\">98.9<\/td>\n<\/tr>\n<tr style=\"text-align: center;\">\n<td style=\"color: #01a9db; border: 1px double #01A9DB;\">BISSAU<\/td>\n<td style=\"border: 1px double #01A9DB;\">R\u00c1DIO MAVEGRO<\/td>\n<td style=\"border: 1px double #01A9DB;\">100.0<\/td>\n<\/tr>\n<tr style=\"text-align: center;\">\n<td style=\"color: #01a9db; border: 1px double #01A9DB;\">BISSAU<\/td>\n<td style=\"border: 1px double #01A9DB;\">R\u00c1DIO SOL MANSI BISSAU<\/td>\n<td style=\"border: 1px double #01A9DB;\">101.8<\/td>\n<\/tr>\n<tr style=\"text-align: center;\">\n<td style=\"color: #01a9db; border: 1px double #01A9DB;\">BISSAU<\/td>\n<td style=\"border: 1px double #01A9DB;\">R\u00c1DIO JOVEM<\/td>\n<td style=\"border: 1px double #01A9DB;\">102.8<\/td>\n<\/tr>\n<tr style=\"text-align: center;\">\n<td style=\"color: #01a9db; border: 1px double #01A9DB;\">BISSAU<\/td>\n<td style=\"border: 1px double #01A9DB;\">RDN<\/td>\n<td style=\"border: 1px double #01A9DB;\">104.0<\/td>\n<\/tr>\n<tr style=\"text-align: center;\">\n<td style=\"color: #01a9db; border: 1px double #01A9DB;\">BISSAU<\/td>\n<td style=\"border: 1px double #01A9DB;\">R\u00c1DIO VOZ DE QUELELE<\/td>\n<td style=\"border: 1px double #01A9DB;\">104.8<\/td>\n<\/tr>\n<tr style=\"text-align: center;\">\n<td style=\"color: #01a9db; border: 1px double #01A9DB;\">BISSAU<\/td>\n<td style=\"border: 1px double #01A9DB;\">R\u00c1DIO CIDADE FM<\/td>\n<td style=\"border: 1px double #01A9DB;\">105.6<\/td>\n<\/tr>\n<tr style=\"text-align: center;\">\n<td style=\"color: #01a9db; border: 1px double #01A9DB;\">BISSAU<\/td>\n<td style=\"border: 1px double #01A9DB;\">R\u00c1DIO BOMBOLOM<\/td>\n<td style=\"border: 1px double #01A9DB;\">106.2<\/td>\n<\/tr>\n<tr style=\"text-align: center;\">\n<td style=\"color: #01a9db; border: 1px double #01A9DB;\">BISSAU<\/td>\n<td style=\"border: 1px double #01A9DB;\">R\u00c1DIO VOZ DE ANTULA<\/td>\n<td style=\"border: 1px double #01A9DB;\">90.7<\/td>\n<\/tr>\n<tr style=\"text-align: center;\">\n<td style=\"color: #01a9db; border: 1px double #01A9DB;\">BISSAU<\/td>\n<td style=\"border: 1px double #01A9DB;\">R\u00c1DIO KUSSUND\u00c9 FM<\/td>\n<td style=\"border: 1px double #01A9DB;\">99.3<\/td>\n<\/tr>\n<tr style=\"text-align: center;\">\n<td style=\"color: #01a9db; border: 1px double #01A9DB;\">BISSAU<\/td>\n<td style=\"border: 1px double #01A9DB;\">R\u00c1DIO VIDA<\/td>\n<td style=\"border: 1px double #01A9DB;\">104.4<\/td>\n<\/tr>\n<tr style=\"text-align: center;\">\n<td style=\"color: #01a9db; border: 1px double #01A9DB;\">BISSAU<\/td>\n<td style=\"border: 1px double #01A9DB;\">CAPITAL FM R\u00c1DIO NOTICIAS<\/td>\n<td style=\"border: 1px double #01A9DB;\">87.7<\/td>\n<\/tr>\n<tr style=\"text-align: center;\">\n<td style=\"color: #01a9db; border: 1px double #01A9DB;\">BISSAU<\/td>\n<td style=\"border: 1px double #01A9DB;\">R\u00c1DIO MAKAR\u00c9-FM<\/td>\n<td style=\"border: 1px double #01A9DB;\">101.0<\/td>\n<\/tr>\n<tr style=\"text-align: center;\">\n<td style=\"color: #01a9db; border: 1px double #01A9DB;\">BISSAU<\/td>\n<td style=\"border: 1px double #01A9DB;\">R\u00c1DIO PAZ<\/td>\n<td style=\"border: 1px double #01A9DB;\">89.5<\/td>\n<\/tr>\n<tr style=\"text-align: center;\">\n<td style=\"color: #01a9db; border: 1px double #01A9DB;\">BISSAU<\/td>\n<td style=\"border: 1px double #01A9DB;\">R\u00c1DIO NOVO TEMPO<\/td>\n<td style=\"border: 1px double #01A9DB;\">92.5<\/td>\n<\/tr>\n<tr style=\"text-align: center;\">\n<td style=\"color: #01a9db; border: 1px double #01A9DB;\">BISSAU<\/td>\n<td style=\"border: 1px double #01A9DB;\">R\u00c1DIO UNIVERSIT\u00c1RIA<\/td>\n<td style=\"border: 1px double #01A9DB;\">103.1<\/td>\n<\/tr>\n<tr style=\"text-align: center;\">\n<td style=\"color: #01a9db; border: 1px double #01A9DB;\">BISSAU<\/td>\n<td style=\"border: 1px double #01A9DB;\">R\u00c1DIO TROPICAL FM<\/td>\n<td style=\"border: 1px double #01A9DB;\">100.4<\/td>\n<\/tr>\n<tr style=\"text-align: center;\">\n<td style=\"color: #01a9db; border: 1px double #01A9DB;\">BISSAU<\/td>\n<td style=\"border: 1px double #01A9DB;\">R\u00c1DIO VIVA<\/td>\n<td style=\"border: 1px double #01A9DB;\">102.2<\/td>\n<\/tr>\n<tr style=\"text-align: center;\">\n<td style=\"color: #01a9db; border: 1px double #01A9DB;\">BISSAU<\/td>\n<td style=\"border: 1px double #01A9DB;\">R\u00c1DIO VOZ DA ESPERAN\u00c7A<\/td>\n<td style=\"border: 1px double #01A9DB;\">95.5<\/td>\n<\/tr>\n<tr style=\"background-color: #01a9db; color: #ffffff; text-align: center; font-style: italic;\">\n<td colspan=\"3\">REGI\u00c3O DE BAFAT\u00c1<\/td>\n<\/tr>\n<tr style=\"text-align: center;\">\n<td style=\"color: #01a9db; border: 1px double #01A9DB;\">BAFAT\u00c1<\/td>\n<td style=\"border: 1px double #01A9DB;\">R\u00c1DIO JAMJAMAA<\/td>\n<td style=\"border: 1px double #01A9DB;\">88.7<\/td>\n<\/tr>\n<tr style=\"text-align: center;\">\n<td style=\"color: #01a9db; border: 1px double #01A9DB;\">BAFAT\u00c1<\/td>\n<td style=\"border: 1px double #01A9DB;\">RCB<\/td>\n<td style=\"border: 1px double #01A9DB;\">105.5<\/td>\n<\/tr>\n<tr style=\"text-align: center;\">\n<td style=\"color: #01a9db; border: 1px double #01A9DB;\">BAFAT\u00c1<\/td>\n<td style=\"border: 1px double #01A9DB;\">R\u00c1DIO SOL MANSI BAFAT\u00c1<\/td>\n<td style=\"border: 1px double #01A9DB;\">101.8<\/td>\n<\/tr>\n<tr style=\"text-align: center;\">\n<td style=\"color: #01a9db; border: 1px double #01A9DB;\">BAMBADINCA<\/td>\n<td style=\"border: 1px double #01A9DB;\">RETRANSMISSOR R\u00c1DIO SENSIBILIZA\u00c7\u00c3O<\/td>\n<td style=\"border: 1px double #01A9DB;\">107.0<\/td>\n<\/tr>\n<tr style=\"text-align: center;\">\n<td style=\"color: #01a9db; border: 1px double #01A9DB;\">CAMBADJU<\/td>\n<td style=\"border: 1px double #01A9DB;\">R\u00c1DIO SANCORLA<\/td>\n<td style=\"border: 1px double #01A9DB;\">97.0<\/td>\n<\/tr>\n<tr style=\"text-align: center;\">\n<td style=\"color: #01a9db; border: 1px double #01A9DB;\">CONTUBUEL<\/td>\n<td style=\"border: 1px double #01A9DB;\">R\u00c1DIO C. CONTUBOEL<\/td>\n<td style=\"border: 1px double #01A9DB;\">90.0<\/td>\n<\/tr>\n<tr style=\"background-color: #01a9db; color: #ffffff; text-align: center; font-style: italic;\">\n<td colspan=\"3\">REGI\u00c3O DE BIOMBO<\/td>\n<\/tr>\n<tr style=\"text-align: center;\">\n<td style=\"color: #01a9db; border: 1px double #01A9DB;\">BIOMBO-ONDAME<\/td>\n<td style=\"border: 1px double #01A9DB;\">N&#8217;DJERAPA C\u00d3<\/td>\n<td style=\"border: 1px double #01A9DB;\">103.7<\/td>\n<\/tr>\n<tr style=\"text-align: center;\">\n<td style=\"color: #01a9db; border: 1px double #01A9DB;\">QUINHAMEL<\/td>\n<td style=\"border: 1px double #01A9DB;\">R\u00c1DIO LUA NOVA DE QUINHAMEL<\/td>\n<td style=\"border: 1px double #01A9DB;\">106.8<\/td>\n<\/tr>\n<tr style=\"background-color: #01a9db; color: #ffffff; text-align: center; font-style: italic;\">\n<td colspan=\"3\">REGI\u00c3O DE BOLAMA\/BIJAG\u00d3S<\/td>\n<\/tr>\n<tr style=\"text-align: center;\">\n<td style=\"color: #01a9db; border: 1px double #01A9DB;\">BOLAMA<\/td>\n<td style=\"border: 1px double #01A9DB;\">R\u00c1DIO ESPERAN\u00c7A DE BOLAMA<\/td>\n<td style=\"border: 1px double #01A9DB;\">106.6<\/td>\n<\/tr>\n<tr style=\"text-align: center;\">\n<td style=\"color: #01a9db; border: 1px double #01A9DB;\">BUBAQUE<\/td>\n<td style=\"border: 1px double #01A9DB;\">R\u00c1DIO BIJAG\u00d3S<\/td>\n<td style=\"border: 1px double #01A9DB;\">105.2<\/td>\n<\/tr>\n<tr style=\"text-align: center;\">\n<td style=\"color: #01a9db; border: 1px double #01A9DB;\">BUBAQUE<\/td>\n<td style=\"border: 1px double #01A9DB;\">R\u00c1DIO DJANDJAN<\/td>\n<td style=\"border: 1px double #01A9DB;\">102.0<\/td>\n<\/tr>\n<tr style=\"text-align: center;\">\n<td style=\"color: #01a9db; border: 1px double #01A9DB;\">FORMOSA<\/td>\n<td style=\"border: 1px double #01A9DB;\">R\u00c1DIO KOSSENA<\/td>\n<td style=\"border: 1px double #01A9DB;\">107.0<\/td>\n<\/tr>\n<tr style=\"text-align: center;\">\n<td style=\"color: #01a9db; border: 1px double #01A9DB;\">FORMOSA<\/td>\n<td style=\"border: 1px double #01A9DB;\">R\u00c1DIO UROK<\/td>\n<td style=\"border: 1px double #01A9DB;\">104.4<\/td>\n<\/tr>\n<tr style=\"text-align: center;\">\n<td style=\"color: #01a9db; border: 1px double #01A9DB;\">ORANGO<\/td>\n<td style=\"border: 1px double #01A9DB;\">R\u00c1DIO OKINKA PAMPA<\/td>\n<td style=\"border: 1px double #01A9DB;\">93.0<\/td>\n<\/tr>\n<tr style=\"background-color: #01a9db; color: #ffffff; text-align: center; font-style: italic;\">\n<td colspan=\"3\">REGI\u00c3O DE CACHEU<\/td>\n<\/tr>\n<tr style=\"text-align: center;\">\n<td style=\"color: #01a9db; border: 1px double #01A9DB;\">BIGENE<\/td>\n<td style=\"border: 1px double #01A9DB;\">R\u00c1DIO C. BIGENE<\/td>\n<td style=\"border: 1px double #01A9DB;\">101.6<\/td>\n<\/tr>\n<tr style=\"text-align: center;\">\n<td style=\"color: #01a9db; border: 1px double #01A9DB;\">BULA<\/td>\n<td style=\"border: 1px double #01A9DB;\">R\u00c1DIO VIVA DE BULA<\/td>\n<td style=\"border: 1px double #01A9DB;\">105.2<\/td>\n<\/tr>\n<tr style=\"text-align: center;\">\n<td style=\"color: #01a9db; border: 1px double #01A9DB;\">CACHEU<\/td>\n<td style=\"border: 1px double #01A9DB;\">R\u00c1DIO COMUNIT\u00c1RIA VOZ DO RIO DE CACHEU<\/td>\n<td style=\"border: 1px double #01A9DB;\">107.5<\/td>\n<\/tr>\n<tr style=\"text-align: center;\">\n<td style=\"color: #01a9db; border: 1px double #01A9DB;\">CANCHUNGO<\/td>\n<td style=\"border: 1px double #01A9DB;\">R\u00c1DIO BABOQUE<\/td>\n<td style=\"border: 1px double #01A9DB;\">99.6<\/td>\n<\/tr>\n<tr style=\"text-align: center;\">\n<td style=\"color: #01a9db; border: 1px double #01A9DB;\">CANCHUNGO<\/td>\n<td style=\"border: 1px double #01A9DB;\">R\u00c1DIO ULER ABAANDI<\/td>\n<td style=\"border: 1px double #01A9DB;\">103.0<\/td>\n<\/tr>\n<tr style=\"text-align: center;\">\n<td style=\"color: #01a9db; border: 1px double #01A9DB;\">CANCHUNGO<\/td>\n<td style=\"border: 1px double #01A9DB;\">RETRANSMISSOR R\u00c1DIO SOL MANSI<\/td>\n<td style=\"border: 1px double #01A9DB;\">101.8<\/td>\n<\/tr>\n<tr style=\"text-align: center;\">\n<td style=\"color: #01a9db; border: 1px double #01A9DB;\">CANCHUNGO<\/td>\n<td style=\"border: 1px double #01A9DB;\">RETRANSMISSOR RDN<\/td>\n<td style=\"border: 1px double #01A9DB;\">92.9<\/td>\n<\/tr>\n<tr style=\"text-align: center;\">\n<td style=\"color: #01a9db; border: 1px double #01A9DB;\">INGORE<\/td>\n<td style=\"border: 1px double #01A9DB;\">R\u00c1DIO BALAFON<\/td>\n<td style=\"border: 1px double #01A9DB;\">96.6<\/td>\n<\/tr>\n<tr style=\"text-align: center;\">\n<td style=\"color: #01a9db; border: 1px double #01A9DB;\">S\u00c3O-DOMINGOS<\/td>\n<td style=\"border: 1px double #01A9DB;\">R\u00c1DIO KASSUMAI<\/td>\n<td style=\"border: 1px double #01A9DB;\">104.8<\/td>\n<\/tr>\n<tr style=\"text-align: center;\">\n<td style=\"color: #01a9db; border: 1px double #01A9DB;\">SUZANA<\/td>\n<td style=\"border: 1px double #01A9DB;\">R\u00c1DIO CAT\u00d3LICA<\/td>\n<td style=\"border: 1px double #01A9DB;\">93.0<\/td>\n<\/tr>\n<tr style=\"text-align: center;\">\n<td style=\"color: #01a9db; border: 1px double #01A9DB;\">SUZANA<\/td>\n<td style=\"border: 1px double #01A9DB;\">R\u00c1DIO EVA<\/td>\n<td style=\"border: 1px double #01A9DB;\">90.0<\/td>\n<\/tr>\n<tr style=\"background-color: #01a9db; color: #ffffff; text-align: center; font-style: italic;\">\n<td colspan=\"3\">REGI\u00c3O DE GAB\u00da<\/td>\n<\/tr>\n<tr style=\"text-align: center;\">\n<td style=\"color: #01a9db; border: 1px double #01A9DB;\">BELI<\/td>\n<td style=\"border: 1px double #01A9DB;\">R\u00c1DIO COLINAS DE BO\u00c9<\/td>\n<td style=\"border: 1px double #01A9DB;\">107.3<\/td>\n<\/tr>\n<tr style=\"text-align: center;\">\n<td style=\"color: #01a9db; border: 1px double #01A9DB;\">GAB\u00da<\/td>\n<td style=\"border: 1px double #01A9DB;\">RETRANSMISSOR RDN<\/td>\n<td style=\"border: 1px double #01A9DB;\">94.5<\/td>\n<\/tr>\n<tr style=\"text-align: center;\">\n<td style=\"color: #01a9db; border: 1px double #01A9DB;\">GAB\u00da<\/td>\n<td style=\"border: 1px double #01A9DB;\">RETRANSMISSOR RDP-\u00c1FRICA<\/td>\n<td style=\"border: 1px double #01A9DB;\">100.0<\/td>\n<\/tr>\n<tr style=\"text-align: center;\">\n<td style=\"color: #01a9db; border: 1px double #01A9DB;\">GAB\u00da<\/td>\n<td style=\"border: 1px double #01A9DB;\">RETRANSMISSOR RFI<\/td>\n<td style=\"border: 1px double #01A9DB;\">103.6<\/td>\n<\/tr>\n<tr style=\"text-align: center;\">\n<td style=\"color: #01a9db; border: 1px double #01A9DB;\">GAB\u00da<\/td>\n<td style=\"border: 1px double #01A9DB;\">R\u00c1DIO SINTCHA OCCO<\/td>\n<td style=\"border: 1px double #01A9DB;\">96.7<\/td>\n<\/tr>\n<tr style=\"text-align: center;\">\n<td style=\"color: #01a9db; border: 1px double #01A9DB;\">GAB\u00da<\/td>\n<td style=\"border: 1px double #01A9DB;\">R\u00c1DIO VOZ DE GANDAL<\/td>\n<td style=\"border: 1px double #01A9DB;\">104.7<\/td>\n<\/tr>\n<tr style=\"text-align: center;\">\n<td style=\"color: #01a9db; border: 1px double #01A9DB;\">GAB\u00da<\/td>\n<td style=\"border: 1px double #01A9DB;\">RETRANSMISSOR R\u00c1DIO SOL MANSI<\/td>\n<td style=\"border: 1px double #01A9DB;\">90.0<\/td>\n<\/tr>\n<tr style=\"text-align: center;\">\n<td style=\"color: #01a9db; border: 1px double #01A9DB;\">GAB\u00da<\/td>\n<td style=\"border: 1px double #01A9DB;\">R\u00c1DIO NOVO TEMPO RETRANSMISSOR<\/td>\n<td style=\"border: 1px double #01A9DB;\">102.3<\/td>\n<\/tr>\n<tr style=\"text-align: center;\">\n<td style=\"color: #01a9db; border: 1px double #01A9DB;\">GAB\u00da<\/td>\n<td style=\"border: 1px double #01A9DB;\">R\u00c1DIO COMUNIT\u00c1RIA LESTE FM<\/td>\n<td style=\"border: 1px double #01A9DB;\">106.6<\/td>\n<\/tr>\n<tr style=\"text-align: center;\">\n<td style=\"color: #01a9db; border: 1px double #01A9DB;\">GAB\u00da<\/td>\n<td style=\"border: 1px double #01A9DB;\">R\u00c1DIO EVANG\u00c9LICA FM\/GAB\u00da<\/td>\n<td style=\"border: 1px double #01A9DB;\">92.4<\/td>\n<\/tr>\n<tr style=\"background-color: #01a9db; color: #ffffff; text-align: center; font-style: italic;\">\n<td colspan=\"3\">REGI\u00c3O DE OIO<\/td>\n<\/tr>\n<tr style=\"text-align: center;\">\n<td style=\"color: #01a9db; border: 1px double #01A9DB;\">DJALICUNDA<\/td>\n<td style=\"border: 1px double #01A9DB;\">R\u00c1DIO VOZ DE DJALICUNDA\/KAFO<\/td>\n<td style=\"border: 1px double #01A9DB;\">103.5<\/td>\n<\/tr>\n<tr style=\"text-align: center;\">\n<td style=\"color: #01a9db; border: 1px double #01A9DB;\">MANSOA<\/td>\n<td style=\"border: 1px double #01A9DB;\">R\u00c1DIO SOL MANSI<\/td>\n<td style=\"border: 1px double #01A9DB;\">90.0<\/td>\n<\/tr>\n<tr style=\"text-align: center;\">\n<td style=\"color: #01a9db; border: 1px double #01A9DB;\">MANSOA<\/td>\n<td style=\"border: 1px double #01A9DB;\">R\u00c1DIO AGUMO<\/td>\n<td style=\"border: 1px double #01A9DB;\">107.4<\/td>\n<\/tr>\n<tr style=\"text-align: center;\">\n<td style=\"color: #01a9db; border: 1px double #01A9DB;\">NHACRA<\/td>\n<td style=\"border: 1px double #01A9DB;\">RDP-\u00c1FRICA<\/td>\n<td style=\"border: 1px double #01A9DB;\">88.4<\/td>\n<\/tr>\n<tr style=\"text-align: center;\">\n<td style=\"color: #01a9db; border: 1px double #01A9DB;\">NHACRA<\/td>\n<td style=\"border: 1px double #01A9DB;\">RDN<\/td>\n<td style=\"border: 1px double #01A9DB;\">91.5<\/td>\n<\/tr>\n<tr style=\"text-align: center;\">\n<td style=\"color: #01a9db; border: 1px double #01A9DB;\">NHACRA<\/td>\n<td style=\"border: 1px double #01A9DB;\">RFI<\/td>\n<td style=\"border: 1px double #01A9DB;\">94.0<\/td>\n<\/tr>\n<tr style=\"text-align: center;\">\n<td style=\"color: #01a9db; border: 1px double #01A9DB;\">NHACRA<\/td>\n<td style=\"border: 1px double #01A9DB;\">RDN<\/td>\n<td style=\"border: 1px double #01A9DB;\">98.0<\/td>\n<\/tr>\n<tr style=\"text-align: center;\">\n<td style=\"color: #01a9db; border: 1px double #01A9DB;\">NHACRA<\/td>\n<td style=\"border: 1px double #01A9DB;\">RETRANSMISSOR R\u00c1DIO GOLO FM<\/td>\n<td style=\"border: 1px double #01A9DB;\">89.0<\/td>\n<\/tr>\n<tr style=\"background-color: #01a9db; color: #ffffff; text-align: center; font-style: italic;\">\n<td colspan=\"3\">REGI\u00c3O DE QUINARA<\/td>\n<\/tr>\n<tr style=\"text-align: center;\">\n<td style=\"color: #01a9db; border: 1px double #01A9DB;\">EMPADA<\/td>\n<td style=\"border: 1px double #01A9DB;\">R\u00c1DIO C. EMPADA<\/td>\n<td style=\"border: 1px double #01A9DB;\">104.3<\/td>\n<\/tr>\n<tr style=\"text-align: center;\">\n<td style=\"color: #01a9db; border: 1px double #01A9DB;\">BUBA<\/td>\n<td style=\"border: 1px double #01A9DB;\">R\u00c1DIO PAPAGAIO<\/td>\n<td style=\"border: 1px double #01A9DB;\">93.1<\/td>\n<\/tr>\n<tr style=\"background-color: #01a9db; color: #ffffff; text-align: center; font-style: italic;\">\n<td colspan=\"3\">REGI\u00c3O DE TOMBALI<\/td>\n<\/tr>\n<tr style=\"text-align: center;\">\n<td style=\"color: #01a9db; border: 1px double #01A9DB;\">CACINE(BONIA)<\/td>\n<td style=\"border: 1px double #01A9DB;\">R\u00c1DIO &#8220;VOZ DE PAZ&#8221; FM<\/td>\n<td style=\"border: 1px double #01A9DB;\">104.3<\/td>\n<\/tr>\n<tr style=\"text-align: center;\">\n<td style=\"color: #01a9db; border: 1px double #01A9DB;\">CATI\u00d3<\/td>\n<td style=\"border: 1px double #01A9DB;\">RETRANSMISSOR RDN<\/td>\n<td style=\"border: 1px double #01A9DB;\">93.7<\/td>\n<\/tr>\n<tr style=\"text-align: center;\">\n<td style=\"color: #01a9db; border: 1px double #01A9DB;\">CATI\u00d3<\/td>\n<td style=\"border: 1px double #01A9DB;\">R\u00c1DIO EDUCATIVA<\/td>\n<td style=\"border: 1px double #01A9DB;\">103.1<\/td>\n<\/tr>\n<tr style=\"text-align: center;\">\n<td style=\"color: #01a9db; border: 1px double #01A9DB;\">CATI\u00d3<\/td>\n<td style=\"border: 1px double #01A9DB;\">RETRANSMISSOR RDP-\u00c1FRICA<\/td>\n<td style=\"border: 1px double #01A9DB;\">96.9<\/td>\n<\/tr>\n<tr style=\"text-align: center;\">\n<td style=\"color: #01a9db; border: 1px double #01A9DB;\">CATI\u00d3<\/td>\n<td style=\"border: 1px double #01A9DB;\">RETRANSMISSOR RFI<\/td>\n<td style=\"border: 1px double #01A9DB;\">101.5<\/td>\n<\/tr>\n<tr style=\"text-align: center;\">\n<td style=\"color: #01a9db; border: 1px double #01A9DB;\">CATI\u00d3<\/td>\n<td style=\"border: 1px double #01A9DB;\">RETRANSMISSOR R\u00c1DIO SOL MANSI<\/td>\n<td style=\"border: 1px double #01A9DB;\">90.0<\/td>\n<\/tr>\n<tr style=\"text-align: center;\">\n<td style=\"color: #01a9db; border: 1px double #01A9DB;\">IEMBEREM<\/td>\n<td style=\"border: 1px double #01A9DB;\">R\u00c1DIO LAMPARAM<\/td>\n<td style=\"border: 1px double #01A9DB;\">104.8<\/td>\n<\/tr>\n<\/tbody>\n<\/table>\n<p>&nbsp;<\/p>\n<p>&nbsp;<\/p>\n","protected":false},"excerpt":{"rendered":"<p>LOCALIZA\u00c7\u00c3O ESTA\u00c7\u00c3O EMISSORA FREQU\u00cbNCIA (MHZ) SECTOR AUTONOMO DE BISSAU BISSAU RDN 91.0 BISSAU R\u00c1DIO PHOENIX 92.0 BISSAU R\u00c1DIO PINDJIGUITI 95.0 BISSAU R\u00c1DIO SENSIBILIZA\u00c7\u00c3O 96.0 BISSAU R\u00c1DIO LUZ FM 97.1 BISSAU R\u00c1DIO NOSSA 98.9 BISSAU R\u00c1DIO MAVEGRO 100.0 BISSAU R\u00c1DIO SOL MANSI BISSAU 101.8 BISSAU R\u00c1DIO JOVEM 102.8 BISSAU RDN 104.0 BISSAU R\u00c1DIO VOZ DE QUELELE [&hellip;]<\/p>\n","protected":false},"author":6,"featured_media":216,"parent":0,"menu_order":0,"comment_status":"open","ping_status":"open","template":"","meta":{"_acf_changed":false,"footnotes":""},"class_list":["post-51","page","type-page","status-publish","has-post-thumbnail","hentry"],"acf":[],"aioseo_notices":[],"_links":{"self":[{"href":"https:\/\/arn.gw\/activeapp\/wp-json\/wp\/v2\/pages\/51"}],"collection":[{"href":"https:\/\/arn.gw\/activeapp\/wp-json\/wp\/v2\/pages"}],"about":[{"href":"https:\/\/arn.gw\/activeapp\/wp-json\/wp\/v2\/types\/page"}],"author":[{"embeddable":true,"href":"https:\/\/arn.gw\/activeapp\/wp-json\/wp\/v2\/users\/6"}],"replies":[{"embeddable":true,"href":"https:\/\/arn.gw\/activeapp\/wp-json\/wp\/v2\/comments?post=51"}],"version-history":[{"count":7,"href":"https:\/\/arn.gw\/activeapp\/wp-json\/wp\/v2\/pages\/51\/revisions"}],"predecessor-version":[{"id":716,"href":"https:\/\/arn.gw\/activeapp\/wp-json\/wp\/v2\/pages\/51\/revisions\/716"}],"wp:featuredmedia":[{"embeddable":true,"href":"https:\/\/arn.gw\/activeapp\/wp-json\/wp\/v2\/media\/216"}],"wp:attachment":[{"href":"https:\/\/arn.gw\/activeapp\/wp-json\/wp\/v2\/media?parent=51"}],"curies":[{"name":"wp","href":"https:\/\/api.w.org\/{rel}","templated":true}]}}