{"id":55,"date":"2015-03-19T11:56:05","date_gmt":"2015-03-19T11:56:05","guid":{"rendered":"http:\/\/192.168.1.67:8888\/arn\/?page_id=55"},"modified":"2015-04-16T10:07:13","modified_gmt":"2015-04-16T10:07:13","slug":"assinantes-por-operador","status":"publish","type":"page","link":"https:\/\/arn.gw\/activeapp\/assinantes-por-operador\/","title":{"rendered":"Assinantes por operador"},"content":{"rendered":"<h3>N\u00famero de assinantes por operador<\/h3>\n<h5 style=\"text-align: center;\">Spacetel Guin\u00e9-Bissau<\/h5>\n<p><a href=\"http:\/\/arn.gw\/activeapp\/wp-content\/uploads\/2015\/03\/assinantes1.png\"><img loading=\"lazy\" decoding=\"async\" class=\"alignnone size-full wp-image-259\" src=\"http:\/\/arn.gw\/activeapp\/wp-content\/uploads\/2015\/03\/assinantes1.png\" alt=\"assinantes1\" width=\"705\" height=\"150\" srcset=\"https:\/\/arn.gw\/activeapp\/wp-content\/uploads\/2015\/03\/assinantes1.png 705w, https:\/\/arn.gw\/activeapp\/wp-content\/uploads\/2015\/03\/assinantes1-300x64.png 300w\" sizes=\"(max-width: 705px) 100vw, 705px\" \/><\/a><\/p>\n<h5 style=\"text-align: center;\">Orange Bissau<\/h5>\n<p><a href=\"http:\/\/arn.gw\/activeapp\/wp-content\/uploads\/2015\/03\/assinantes2.png\"><img loading=\"lazy\" decoding=\"async\" class=\"alignnone size-full wp-image-262\" src=\"http:\/\/arn.gw\/activeapp\/wp-content\/uploads\/2015\/03\/assinantes2.png\" alt=\"assinantes2\" width=\"705\" height=\"114\" srcset=\"https:\/\/arn.gw\/activeapp\/wp-content\/uploads\/2015\/03\/assinantes2.png 705w, https:\/\/arn.gw\/activeapp\/wp-content\/uploads\/2015\/03\/assinantes2-300x49.png 300w\" sizes=\"(max-width: 705px) 100vw, 705px\" \/><\/a><\/p>\n<h5 style=\"text-align: center;\">Dados comparativos de n\u00famero de assinantes<\/h5>\n<p><a href=\"http:\/\/arn.gw\/activeapp\/wp-content\/uploads\/2015\/03\/assinantes3.png\"><img loading=\"lazy\" decoding=\"async\" class=\"alignnone size-full wp-image-264\" src=\"http:\/\/arn.gw\/activeapp\/wp-content\/uploads\/2015\/03\/assinantes3.png\" alt=\"assinantes3\" width=\"705\" height=\"153\" srcset=\"https:\/\/arn.gw\/activeapp\/wp-content\/uploads\/2015\/03\/assinantes3.png 705w, https:\/\/arn.gw\/activeapp\/wp-content\/uploads\/2015\/03\/assinantes3-300x65.png 300w\" sizes=\"(max-width: 705px) 100vw, 705px\" \/><\/a><\/p>\n<p>&nbsp;<\/p>\n<h3>Guin\u00e9tel (GTM) &amp; Guin\u00e9 Telecom<\/h3>\n<h5 style=\"text-align: center;\">Dados n\u00e3o dispon\u00edveis<\/h5>\n<h5 style=\"text-align: center;\">Reparti\u00e7\u00e3o do mercado por n.\u00ba de assinantes, em 2013<\/h5>\n<p><a href=\"http:\/\/arn.gw\/activeapp\/wp-content\/uploads\/2015\/03\/dados-nao-disponiveis.png\"><img loading=\"lazy\" decoding=\"async\" class=\"alignnone size-full wp-image-331\" src=\"http:\/\/arn.gw\/activeapp\/wp-content\/uploads\/2015\/03\/dados-nao-disponiveis.png\" alt=\"dados-nao-disponiveis\" width=\"705\" height=\"325\" srcset=\"https:\/\/arn.gw\/activeapp\/wp-content\/uploads\/2015\/03\/dados-nao-disponiveis.png 705w, https:\/\/arn.gw\/activeapp\/wp-content\/uploads\/2015\/03\/dados-nao-disponiveis-300x138.png 300w\" sizes=\"(max-width: 705px) 100vw, 705px\" \/><\/a><\/p>\n","protected":false},"excerpt":{"rendered":"<p>N\u00famero de assinantes por operador Spacetel Guin\u00e9-Bissau Orange Bissau Dados comparativos de n\u00famero de assinantes &nbsp; Guin\u00e9tel (GTM) &amp; Guin\u00e9 Telecom Dados n\u00e3o dispon\u00edveis Reparti\u00e7\u00e3o do mercado por n.\u00ba de assinantes, em 2013<\/p>\n","protected":false},"author":6,"featured_media":294,"parent":0,"menu_order":0,"comment_status":"open","ping_status":"open","template":"","meta":{"_acf_changed":false,"footnotes":""},"class_list":["post-55","page","type-page","status-publish","has-post-thumbnail","hentry"],"acf":[],"aioseo_notices":[],"_links":{"self":[{"href":"https:\/\/arn.gw\/activeapp\/wp-json\/wp\/v2\/pages\/55"}],"collection":[{"href":"https:\/\/arn.gw\/activeapp\/wp-json\/wp\/v2\/pages"}],"about":[{"href":"https:\/\/arn.gw\/activeapp\/wp-json\/wp\/v2\/types\/page"}],"author":[{"embeddable":true,"href":"https:\/\/arn.gw\/activeapp\/wp-json\/wp\/v2\/users\/6"}],"replies":[{"embeddable":true,"href":"https:\/\/arn.gw\/activeapp\/wp-json\/wp\/v2\/comments?post=55"}],"version-history":[{"count":8,"href":"https:\/\/arn.gw\/activeapp\/wp-json\/wp\/v2\/pages\/55\/revisions"}],"predecessor-version":[{"id":798,"href":"https:\/\/arn.gw\/activeapp\/wp-json\/wp\/v2\/pages\/55\/revisions\/798"}],"wp:featuredmedia":[{"embeddable":true,"href":"https:\/\/arn.gw\/activeapp\/wp-json\/wp\/v2\/media\/294"}],"wp:attachment":[{"href":"https:\/\/arn.gw\/activeapp\/wp-json\/wp\/v2\/media?parent=55"}],"curies":[{"name":"wp","href":"https:\/\/api.w.org\/{rel}","templated":true}]}}