{"id":59,"date":"2015-03-19T11:56:30","date_gmt":"2015-03-19T11:56:30","guid":{"rendered":"http:\/\/192.168.1.67:8888\/arn\/?page_id=59"},"modified":"2018-06-07T11:56:01","modified_gmt":"2018-06-07T11:56:01","slug":"radiocomunicacao","status":"publish","type":"page","link":"https:\/\/arn.gw\/activeapp\/radiocomunicacao\/","title":{"rendered":"Radiocomunica\u00e7\u00e3o e Engenharia"},"content":{"rendered":"<h6>A Dire\u00e7\u00e3o de Radiocomunica\u00e7\u00e3o e Engenharia, atrav\u00e9s do Regulamento Interno da ARN, foi atribu\u00edda determinadas tarefas, nomeadamente, a coordena\u00e7\u00e3o da gest\u00e3o dos recursos raros, proposi\u00e7\u00e3o de projetos de normas t\u00e9cnicas aplic\u00e1veis ao sector, nomeadamente para os materiais e equipamentos de radiocomunica\u00e7\u00f5es; colabora\u00e7\u00e3o na elabora\u00e7\u00e3o de legisla\u00e7\u00f5es que especifiquem as condi\u00e7\u00f5es de explora\u00e7\u00e3o dos servi\u00e7os e estabelecimento de sistemas de radiocomunica\u00e7\u00f5es.<\/h6>\n<p>\u00c9 composto por dois Departamentos: de Redes e Servi\u00e7os e de Gest\u00e3o de Frequ\u00eancias. Para a persecu\u00e7\u00e3o das suas atividades foi elaborado um plano, com base nas que foram desenhadas no plano plurianual 2012-2015 e que se encontra anexa a este relat\u00f3rio.<\/p>\n","protected":false},"excerpt":{"rendered":"<p>A Dire\u00e7\u00e3o de Radiocomunica\u00e7\u00e3o e Engenharia, atrav\u00e9s do Regulamento Interno da ARN, foi atribu\u00edda determinadas tarefas, nomeadamente, a coordena\u00e7\u00e3o da gest\u00e3o dos recursos raros, proposi\u00e7\u00e3o de projetos de normas t\u00e9cnicas aplic\u00e1veis ao sector, nomeadamente para os materiais e equipamentos de radiocomunica\u00e7\u00f5es; colabora\u00e7\u00e3o na elabora\u00e7\u00e3o de legisla\u00e7\u00f5es que especifiquem as condi\u00e7\u00f5es de explora\u00e7\u00e3o dos servi\u00e7os e [&hellip;]<\/p>\n","protected":false},"author":6,"featured_media":213,"parent":0,"menu_order":0,"comment_status":"open","ping_status":"open","template":"","meta":{"_acf_changed":false,"footnotes":""},"class_list":["post-59","page","type-page","status-publish","has-post-thumbnail","hentry"],"acf":[],"aioseo_notices":[],"_links":{"self":[{"href":"https:\/\/arn.gw\/activeapp\/wp-json\/wp\/v2\/pages\/59"}],"collection":[{"href":"https:\/\/arn.gw\/activeapp\/wp-json\/wp\/v2\/pages"}],"about":[{"href":"https:\/\/arn.gw\/activeapp\/wp-json\/wp\/v2\/types\/page"}],"author":[{"embeddable":true,"href":"https:\/\/arn.gw\/activeapp\/wp-json\/wp\/v2\/users\/6"}],"replies":[{"embeddable":true,"href":"https:\/\/arn.gw\/activeapp\/wp-json\/wp\/v2\/comments?post=59"}],"version-history":[{"count":5,"href":"https:\/\/arn.gw\/activeapp\/wp-json\/wp\/v2\/pages\/59\/revisions"}],"predecessor-version":[{"id":708,"href":"https:\/\/arn.gw\/activeapp\/wp-json\/wp\/v2\/pages\/59\/revisions\/708"}],"wp:featuredmedia":[{"embeddable":true,"href":"https:\/\/arn.gw\/activeapp\/wp-json\/wp\/v2\/media\/213"}],"wp:attachment":[{"href":"https:\/\/arn.gw\/activeapp\/wp-json\/wp\/v2\/media?parent=59"}],"curies":[{"name":"wp","href":"https:\/\/api.w.org\/{rel}","templated":true}]}}