{"id":61,"date":"2015-03-19T11:56:41","date_gmt":"2015-03-19T11:56:41","guid":{"rendered":"http:\/\/192.168.1.67:8888\/arn\/?page_id=61"},"modified":"2015-04-15T09:05:06","modified_gmt":"2015-04-15T09:05:06","slug":"fiscalizacao","status":"publish","type":"page","link":"https:\/\/arn.gw\/activeapp\/fiscalizacao\/","title":{"rendered":"Fiscaliza\u00e7\u00e3o"},"content":{"rendered":"<h6>Foram realizadas a\u00e7\u00f5es de fiscaliza\u00e7\u00e3o cobrindo todo o territ\u00f3rio nacional, incluindo as zonas insulares com as suas particularidades.<br \/>\nDas esta\u00e7\u00f5es vistoriadas constataram-se variadas anomalias, nomeadamente esta\u00e7\u00f5es funcionando sem autoriza\u00e7\u00f5es concedidas pela ARN, altera\u00e7\u00f5es de par\u00e2metros das diferentes componentes das esta\u00e7\u00f5es (mudan\u00e7a de equipamentos, altera\u00e7\u00e3o da altura das antenas, altera\u00e7\u00e3o das potencias dos emissores, altera\u00e7\u00e3o da quantidade de dipolos, etc.).<\/h6>\n<p>De salientar que foram tomadas medidas com vista a sanear a situa\u00e7\u00e3o de interfer\u00eancias constatadas em Bissau permitindo a diminui\u00e7\u00e3o consider\u00e1vel deste fen\u00f3meno. Quatro esta\u00e7\u00f5es foram visadas: Esta\u00e7\u00e3o emissora Radio Sol Mansi \u2013 Bissau, Radio Sensibiliza\u00e7\u00e3o, Radio Nossa e Radio Luz. Destas, tr\u00eas procederam a interven\u00e7\u00f5es que permitiram a resolu\u00e7\u00e3o de problemas de interfer\u00eancias, a saber: Esta\u00e7\u00e3o emissora Radio Sol Mansi \u2013 Bissau, Radio Sensibiliza\u00e7\u00e3o e Radio Nossa. A esta\u00e7\u00e3o emissora Radio<br \/>\nLuz n\u00e3o foi capaz de eliminar completamente o fen\u00f3meno de interfer\u00eancias, apesar de ter procedido a remodela\u00e7\u00e3o profunda das suas instala\u00e7\u00f5es, com a instala\u00e7\u00e3o de novos equipamentos.<\/p>\n<p>Recolha de informa\u00e7\u00f5es junto dos operadores (localiza\u00e7\u00e3o das instala\u00e7\u00f5es radiel\u00e9tricas e respetivos par\u00e2metros t\u00e9cnicos) A recolha de informa\u00e7\u00f5es junto dos operadores tem sido efetuada de forma regular de modo a que se possa ter informa\u00e7\u00f5es atualizadas do n\u00famero de esta\u00e7\u00f5es instaladas. Assim, at\u00e9 31 de Dezembro, o n\u00famero de esta\u00e7\u00f5es instaladas e comunicadas a ARN s\u00e3o:<\/p>\n<p>&nbsp;<\/p>\n<h5 style=\"text-align: center;\">BTS<\/h5>\n<p><strong>\u00a0<a href=\"http:\/\/arn.gw\/activeapp\/wp-content\/uploads\/2015\/03\/bts.png\"><img loading=\"lazy\" decoding=\"async\" class=\"alignnone size-full wp-image-277\" src=\"http:\/\/arn.gw\/activeapp\/wp-content\/uploads\/2015\/03\/bts.png\" alt=\"bts\" width=\"705\" height=\"150\" srcset=\"https:\/\/arn.gw\/activeapp\/wp-content\/uploads\/2015\/03\/bts.png 705w, https:\/\/arn.gw\/activeapp\/wp-content\/uploads\/2015\/03\/bts-300x64.png 300w\" sizes=\"(max-width: 705px) 100vw, 705px\" \/><\/a><\/strong><\/p>\n<h5 style=\"text-align: center;\">\nFeixes de Liga\u00e7\u00f5es entre esta\u00e7\u00f5es<\/h5>\n<p><strong>\u00a0<a href=\"http:\/\/arn.gw\/activeapp\/wp-content\/uploads\/2015\/03\/freixes.png\"><img loading=\"lazy\" decoding=\"async\" class=\"alignnone size-full wp-image-279\" src=\"http:\/\/arn.gw\/activeapp\/wp-content\/uploads\/2015\/03\/freixes.png\" alt=\"freixes\" width=\"705\" height=\"148\" srcset=\"https:\/\/arn.gw\/activeapp\/wp-content\/uploads\/2015\/03\/freixes.png 705w, https:\/\/arn.gw\/activeapp\/wp-content\/uploads\/2015\/03\/freixes-300x63.png 300w\" sizes=\"(max-width: 705px) 100vw, 705px\" \/><\/a><\/strong><\/p>\n","protected":false},"excerpt":{"rendered":"<p>Foram realizadas a\u00e7\u00f5es de fiscaliza\u00e7\u00e3o cobrindo todo o territ\u00f3rio nacional, incluindo as zonas insulares com as suas particularidades. Das esta\u00e7\u00f5es vistoriadas constataram-se variadas anomalias, nomeadamente esta\u00e7\u00f5es funcionando sem autoriza\u00e7\u00f5es concedidas pela ARN, altera\u00e7\u00f5es de par\u00e2metros das diferentes componentes das esta\u00e7\u00f5es (mudan\u00e7a de equipamentos, altera\u00e7\u00e3o da altura das antenas, altera\u00e7\u00e3o das potencias dos emissores, altera\u00e7\u00e3o da [&hellip;]<\/p>\n","protected":false},"author":6,"featured_media":211,"parent":0,"menu_order":0,"comment_status":"open","ping_status":"open","template":"","meta":{"_acf_changed":false,"footnotes":""},"class_list":["post-61","page","type-page","status-publish","has-post-thumbnail","hentry"],"acf":[],"aioseo_notices":[],"_links":{"self":[{"href":"https:\/\/arn.gw\/activeapp\/wp-json\/wp\/v2\/pages\/61"}],"collection":[{"href":"https:\/\/arn.gw\/activeapp\/wp-json\/wp\/v2\/pages"}],"about":[{"href":"https:\/\/arn.gw\/activeapp\/wp-json\/wp\/v2\/types\/page"}],"author":[{"embeddable":true,"href":"https:\/\/arn.gw\/activeapp\/wp-json\/wp\/v2\/users\/6"}],"replies":[{"embeddable":true,"href":"https:\/\/arn.gw\/activeapp\/wp-json\/wp\/v2\/comments?post=61"}],"version-history":[{"count":8,"href":"https:\/\/arn.gw\/activeapp\/wp-json\/wp\/v2\/pages\/61\/revisions"}],"predecessor-version":[{"id":721,"href":"https:\/\/arn.gw\/activeapp\/wp-json\/wp\/v2\/pages\/61\/revisions\/721"}],"wp:featuredmedia":[{"embeddable":true,"href":"https:\/\/arn.gw\/activeapp\/wp-json\/wp\/v2\/media\/211"}],"wp:attachment":[{"href":"https:\/\/arn.gw\/activeapp\/wp-json\/wp\/v2\/media?parent=61"}],"curies":[{"name":"wp","href":"https:\/\/api.w.org\/{rel}","templated":true}]}}