{"id":63,"date":"2015-03-19T11:56:53","date_gmt":"2015-03-19T11:56:53","guid":{"rendered":"http:\/\/192.168.1.67:8888\/arn\/?page_id=63"},"modified":"2015-04-15T10:07:13","modified_gmt":"2015-04-15T10:07:13","slug":"interligacao","status":"publish","type":"page","link":"https:\/\/arn.gw\/activeapp\/interligacao\/","title":{"rendered":"Interliga\u00e7\u00e3o"},"content":{"rendered":"<p>Brevemente dispon\u00edvel.<\/p>\n","protected":false},"excerpt":{"rendered":"<p>Brevemente dispon\u00edvel.<\/p>\n","protected":false},"author":6,"featured_media":300,"parent":0,"menu_order":0,"comment_status":"open","ping_status":"open","template":"","meta":{"_acf_changed":false,"footnotes":""},"class_list":["post-63","page","type-page","status-publish","has-post-thumbnail","hentry"],"acf":[],"aioseo_notices":[],"_links":{"self":[{"href":"https:\/\/arn.gw\/activeapp\/wp-json\/wp\/v2\/pages\/63"}],"collection":[{"href":"https:\/\/arn.gw\/activeapp\/wp-json\/wp\/v2\/pages"}],"about":[{"href":"https:\/\/arn.gw\/activeapp\/wp-json\/wp\/v2\/types\/page"}],"author":[{"embeddable":true,"href":"https:\/\/arn.gw\/activeapp\/wp-json\/wp\/v2\/users\/6"}],"replies":[{"embeddable":true,"href":"https:\/\/arn.gw\/activeapp\/wp-json\/wp\/v2\/comments?post=63"}],"version-history":[{"count":2,"href":"https:\/\/arn.gw\/activeapp\/wp-json\/wp\/v2\/pages\/63\/revisions"}],"predecessor-version":[{"id":301,"href":"https:\/\/arn.gw\/activeapp\/wp-json\/wp\/v2\/pages\/63\/revisions\/301"}],"wp:featuredmedia":[{"embeddable":true,"href":"https:\/\/arn.gw\/activeapp\/wp-json\/wp\/v2\/media\/300"}],"wp:attachment":[{"href":"https:\/\/arn.gw\/activeapp\/wp-json\/wp\/v2\/media?parent=63"}],"curies":[{"name":"wp","href":"https:\/\/api.w.org\/{rel}","templated":true}]}}