{"id":77,"date":"2015-03-19T12:00:16","date_gmt":"2015-03-19T12:00:16","guid":{"rendered":"http:\/\/192.168.1.67:8888\/arn\/?page_id=77"},"modified":"2015-06-04T10:13:17","modified_gmt":"2015-06-04T10:13:17","slug":"actividades-desenvolvidas","status":"publish","type":"page","link":"https:\/\/arn.gw\/activeapp\/actividades-desenvolvidas\/","title":{"rendered":"Actividades desenvolvidas"},"content":{"rendered":"<p>&nbsp;<\/p>\n<p>Financiamento, em 2013, de um estudo de viabilidade t\u00e9cnica de cabos submarino na Guin\u00e9-Bissau.<\/p>\n<p>Realiza\u00e7\u00e3o de reuni\u00f5es ordin\u00e1rias &#8211; cada m\u00eas<\/p>\n<ul>\n<li>Projectos de instala\u00e7\u00e3o de cibercentros multifuncionais e de hotspots<br \/>\nInstala\u00e7\u00e3o de quatros (4) cibercentros multifuncionais, tr\u00eas (3) em diferentes liceus de Bissau e, um (1) no Liceu Regional \u201cSiaka Tur\u00e9\u201d, em Buba.<\/li>\n<li>Instala\u00e7\u00e3o de tr\u00eas (3) hotspots, dois (2) em Bissau e um (1) em Bafat\u00e1<\/li>\n<li>In\u00edcio de funcionamento de cibercentros, Fevereiro de 2015.<\/li>\n<\/ul>\n<p>Projecto de informatiza\u00e7\u00e3o do Hospital Nacional Sim\u00e3o Mendes &#8211;<br \/>\nElabora\u00e7\u00e3o do Plano de actividade de 2015<br \/>\nElabora\u00e7\u00e3o do Or\u00e7amento de 2015<br \/>\nElabora\u00e7\u00e3o do relat\u00f3rio de actividades de 2014<br \/>\nElabora\u00e7\u00e3o do relat\u00f3rio de execu\u00e7\u00e3o de projectos de cibercentros e de hotspots<\/p>\n","protected":false},"excerpt":{"rendered":"<p>&nbsp; Financiamento, em 2013, de um estudo de viabilidade t\u00e9cnica de cabos submarino na Guin\u00e9-Bissau. Realiza\u00e7\u00e3o de reuni\u00f5es ordin\u00e1rias &#8211; cada m\u00eas Projectos de instala\u00e7\u00e3o de cibercentros multifuncionais e de hotspots Instala\u00e7\u00e3o de quatros (4) cibercentros multifuncionais, tr\u00eas (3) em diferentes liceus de Bissau e, um (1) no Liceu Regional \u201cSiaka Tur\u00e9\u201d, em Buba. Instala\u00e7\u00e3o [&hellip;]<\/p>\n","protected":false},"author":6,"featured_media":212,"parent":0,"menu_order":0,"comment_status":"open","ping_status":"open","template":"","meta":{"_acf_changed":false,"footnotes":""},"class_list":["post-77","page","type-page","status-publish","has-post-thumbnail","hentry"],"acf":[],"aioseo_notices":[],"_links":{"self":[{"href":"https:\/\/arn.gw\/activeapp\/wp-json\/wp\/v2\/pages\/77"}],"collection":[{"href":"https:\/\/arn.gw\/activeapp\/wp-json\/wp\/v2\/pages"}],"about":[{"href":"https:\/\/arn.gw\/activeapp\/wp-json\/wp\/v2\/types\/page"}],"author":[{"embeddable":true,"href":"https:\/\/arn.gw\/activeapp\/wp-json\/wp\/v2\/users\/6"}],"replies":[{"embeddable":true,"href":"https:\/\/arn.gw\/activeapp\/wp-json\/wp\/v2\/comments?post=77"}],"version-history":[{"count":6,"href":"https:\/\/arn.gw\/activeapp\/wp-json\/wp\/v2\/pages\/77\/revisions"}],"predecessor-version":[{"id":797,"href":"https:\/\/arn.gw\/activeapp\/wp-json\/wp\/v2\/pages\/77\/revisions\/797"}],"wp:featuredmedia":[{"embeddable":true,"href":"https:\/\/arn.gw\/activeapp\/wp-json\/wp\/v2\/media\/212"}],"wp:attachment":[{"href":"https:\/\/arn.gw\/activeapp\/wp-json\/wp\/v2\/media?parent=77"}],"curies":[{"name":"wp","href":"https:\/\/api.w.org\/{rel}","templated":true}]}}