{"id":81,"date":"2015-03-19T12:01:23","date_gmt":"2015-03-19T12:01:23","guid":{"rendered":"http:\/\/192.168.1.67:8888\/arn\/?page_id=81"},"modified":"2018-08-29T15:26:08","modified_gmt":"2018-08-29T15:26:08","slug":"deliberacoes","status":"publish","type":"page","link":"https:\/\/arn.gw\/activeapp\/deliberacoes\/","title":{"rendered":"Delibera\u00e7\u00f5es"},"content":{"rendered":"<p style=\"text-align: left;\">Despacho N\u00b0 5\/PCA\/2018 de 06 Julho de 2018:<\/p>\n<ul>\n<li><a href=\"http:\/\/arn.gw\/activeapp\/wp-content\/uploads\/2015\/03\/Despacho-n5-PCA-2018.pdf\" target=\"_blank\">Linhas de Orienta\u00e7\u00e3o Sobre Presta\u00e7\u00e3o de Informa\u00e7\u00e3o de Natureza Estat\u00edstica a ARN<\/a><\/li>\n<\/ul>\n<ol>\n<li>Anexo N\u00b0 1:\u00a0<a href=\"http:\/\/arn.gw\/activeapp\/wp-content\/uploads\/2015\/03\/Defini\u00e7\u00f5es_23_08_2018.doc\">Defini\u00e7\u00f5es<\/a><\/li>\n<li>Anexo N\u00b0 2:\u00a0<a href=\"http:\/\/arn.gw\/activeapp\/wp-content\/uploads\/2015\/03\/INDICADOR_21_08_2018_2.xls\">Question\u00e1rios\/formul\u00e1rios estat\u00edstico<\/a><\/li>\n<\/ol>\n<hr \/>\n<p><a href=\"http:\/\/arn.gw\/activeapp\/wp-content\/uploads\/2015\/03\/Notifica\u00e7\u00e3o-N\u00ba-5-CA-ARN-2015-MTN.pdf\" target=\"_blank\">Notifica\u00e7\u00e3o N\u00ba 5-CA-ARN-2015 &#8211; MTN<\/a><\/p>\n<hr \/>\n<p><a href=\"http:\/\/arn.gw\/activeapp\/wp-content\/uploads\/2015\/03\/Notifica\u00e7\u00e3o-N\u00ba-3-CA-ARN-2015-ORANGE.pdf\" target=\"_blank\">Notifica\u00e7\u00e3o N\u00ba 3-CA-ARN-2015 &#8211; ORANGE<\/a><\/p>\n<hr \/>\n<p><a href=\"http:\/\/arn.gw\/activeapp\/wp-content\/uploads\/2015\/03\/ATA5214.pdf\" target=\"_blank\">REUNI\u00c3O DO CONSELHO DE ADMINISTRA\u00c7\u00c3O DA AUTORIDADE REGULADORA NACIONAL DAS<\/a><\/p>\n<hr \/>\n<p><a href=\"http:\/\/arn.gw\/activeapp\/wp-content\/uploads\/2015\/03\/ATA5214.pdf\" target=\"_blank\">TECNOLOGIAS DE INFORMA\u00c7\u00c3O E COMUNICA\u00c7\u00c3O.<\/a><\/p>\n<p>&nbsp;<\/p>\n<p>&nbsp;<\/p>\n","protected":false},"excerpt":{"rendered":"<p>Despacho N\u00b0 5\/PCA\/2018 de 06 Julho de 2018: Linhas de Orienta\u00e7\u00e3o Sobre Presta\u00e7\u00e3o de Informa\u00e7\u00e3o de Natureza Estat\u00edstica a ARN Anexo N\u00b0 1:\u00a0Defini\u00e7\u00f5es Anexo N\u00b0 2:\u00a0Question\u00e1rios\/formul\u00e1rios estat\u00edstico Notifica\u00e7\u00e3o N\u00ba 5-CA-ARN-2015 &#8211; MTN Notifica\u00e7\u00e3o N\u00ba 3-CA-ARN-2015 &#8211; ORANGE REUNI\u00c3O DO CONSELHO DE ADMINISTRA\u00c7\u00c3O DA AUTORIDADE REGULADORA NACIONAL DAS TECNOLOGIAS DE INFORMA\u00c7\u00c3O E COMUNICA\u00c7\u00c3O. &nbsp; &nbsp;<\/p>\n","protected":false},"author":6,"featured_media":318,"parent":0,"menu_order":0,"comment_status":"open","ping_status":"open","template":"","meta":{"_acf_changed":false,"footnotes":""},"class_list":["post-81","page","type-page","status-publish","has-post-thumbnail","hentry"],"acf":[],"aioseo_notices":[],"_links":{"self":[{"href":"https:\/\/arn.gw\/activeapp\/wp-json\/wp\/v2\/pages\/81"}],"collection":[{"href":"https:\/\/arn.gw\/activeapp\/wp-json\/wp\/v2\/pages"}],"about":[{"href":"https:\/\/arn.gw\/activeapp\/wp-json\/wp\/v2\/types\/page"}],"author":[{"embeddable":true,"href":"https:\/\/arn.gw\/activeapp\/wp-json\/wp\/v2\/users\/6"}],"replies":[{"embeddable":true,"href":"https:\/\/arn.gw\/activeapp\/wp-json\/wp\/v2\/comments?post=81"}],"version-history":[{"count":14,"href":"https:\/\/arn.gw\/activeapp\/wp-json\/wp\/v2\/pages\/81\/revisions"}],"predecessor-version":[{"id":755,"href":"https:\/\/arn.gw\/activeapp\/wp-json\/wp\/v2\/pages\/81\/revisions\/755"}],"wp:featuredmedia":[{"embeddable":true,"href":"https:\/\/arn.gw\/activeapp\/wp-json\/wp\/v2\/media\/318"}],"wp:attachment":[{"href":"https:\/\/arn.gw\/activeapp\/wp-json\/wp\/v2\/media?parent=81"}],"curies":[{"name":"wp","href":"https:\/\/api.w.org\/{rel}","templated":true}]}}